{"id":3,"date":"2023-03-02T10:46:25","date_gmt":"2023-03-02T09:46:25","guid":{"rendered":"http:\/\/localhost\/wordpress\/?page_id=3"},"modified":"2026-02-26T12:02:20","modified_gmt":"2026-02-26T11:02:20","slug":"polityka-prywatnosci","status":"publish","type":"page","link":"https:\/\/psgs.agh.edu.pl\/en\/polityka-prywatnosci\/","title":{"rendered":"Privacy Policy"},"content":{"rendered":"<div data-elementor-type=\"wp-page\" data-elementor-id=\"3\" class=\"elementor elementor-3\" data-elementor-post-type=\"page\">\n\t\t\t\t\t\t<section class=\"elementor-section elementor-top-section elementor-element elementor-element-1da1bef8 elementor-section-boxed elementor-section-height-default elementor-section-height-default\" data-id=\"1da1bef8\" data-element_type=\"section\" data-e-type=\"section\">\n\t\t\t\t\t\t<div class=\"elementor-container elementor-column-gap-default\">\n\t\t\t\t\t<div class=\"elementor-column elementor-col-100 elementor-top-column elementor-element elementor-element-4dda0c4e\" data-id=\"4dda0c4e\" data-element_type=\"column\" data-e-type=\"column\">\n\t\t\t<div class=\"elementor-widget-wrap elementor-element-populated\">\n\t\t\t\t\t\t<div class=\"elementor-element elementor-element-550081ff elementor-widget elementor-widget-text-editor\" data-id=\"550081ff\" data-element_type=\"widget\" data-e-type=\"widget\" data-widget_type=\"text-editor.default\">\n\t\t\t\t<div class=\"elementor-widget-container\">\n\t\t\t\t\t\t\t\t\t<h3 style=\"text-align: center;\">Who we are<\/h3>\n<p><!-- \/wp:heading --><!-- wp:paragraph --><\/p>\n<p style=\"text-align: center;\">Our website address is: https:\/\/psgs.agh.edu.pl.<\/p>\n<p><!-- \/wp:paragraph --><!-- wp:heading --><\/p>\n<h3 style=\"text-align: center;\">Comments<\/h3>\n<p><!-- \/wp:heading --><!-- wp:paragraph --><\/p>\n<p style=\"text-align: center;\">When visitors leave comments on the site we collect the data shown in the comments form, and also the visitor's IP address and browser user agent string to help spam detection.<\/p>\n<p><!-- \/wp:paragraph --><!-- wp:paragraph --><\/p>\n<p style=\"text-align: center;\">An anonymized string created from your email address (also called a hash) may be provided to the Gravatar service to see if it is being used. The Gravatar privacy policy is available at: https:\/\/automattic.com\/privacy\/. After approving your comment, your profile picture is publicly visible in the context of your comment.<\/p>\n<p><!-- \/wp:paragraph --><!-- wp:heading --><\/p>\n<h3 style=\"text-align: center;\">Media<\/h3>\n<p><!-- \/wp:heading --><!-- wp:paragraph --><\/p>\n<p style=\"text-align: center;\">If you're a registered user uploading images to the site, you should avoid uploading images with EXIF \u200b\u200blocation tags. Visitors to the site can download and read the full location data from images on the site.<\/p>\n<p><!-- \/wp:paragraph --><!-- wp:heading --><\/p>\n<h3 style=\"text-align: center;\">Cookies<\/h3>\n<p><!-- \/wp:heading --><!-- wp:paragraph --><\/p>\n<p style=\"text-align: center;\">If you comment on the site, you may opt-in to saving your name, email address, and website in cookies so that your information is easily saved when you leave subsequent comments. These cookies expire after one year.<\/p>\n<p><!-- \/wp:paragraph --><!-- wp:paragraph --><\/p>\n<p style=\"text-align: center;\">If you visit the login page, we will set a temporary cookie to determine if your browser accepts cookies. This cookie contains no personal information and is deleted when you close your browser.<\/p>\n<p><!-- \/wp:paragraph --><!-- wp:paragraph --><\/p>\n<p style=\"text-align: center;\">When you log in, we also set up several cookies to save your login information and your screen display choices. Login cookies expire after two days, and screen display cookies expire after a year. If you select \"Remember me,\" your login will expire after two weeks. If you log out of your account, the login cookies will be deleted.<\/p>\n<p><!-- \/wp:paragraph --><!-- wp:paragraph --><\/p>\n<p style=\"text-align: center;\">If you edit or publish an article, an additional cookie will be saved in your browser. This cookie contains no personal data and simply indicates the post ID of the article you just edited. It expires after 1 day.<\/p>\n<p><!-- \/wp:paragraph --><!-- wp:heading --><\/p>\n<h3 style=\"text-align: center;\">Embedded content from other sites<\/h3>\n<p><!-- \/wp:heading --><!-- wp:paragraph --><\/p>\n<p style=\"text-align: center;\">Articles on this site may include embedded content (e.g. videos, images, articles, etc.). Embedded content from other websites behaves in the same way as if the visitor had visited the other website directly.<\/p>\n<p><!-- \/wp:paragraph --><!-- wp:paragraph --><\/p>\n<p style=\"text-align: center;\">These websites may collect data about you, use cookies, embed additional third-party tracking, and monitor your interaction with that embedded content, including tracing your interaction with the embedded content if you have an account and are logged in to that website.<\/p>\n<p><!-- \/wp:paragraph --><!-- wp:heading --><\/p>\n<h3 style=\"text-align: center;\">Who do we share data with?<\/h3>\n<p><!-- \/wp:heading --><!-- wp:paragraph --><\/p>\n<p style=\"text-align: center;\">If you request a password reset, your IP address will be included in the message sent.<\/p>\n<p><!-- \/wp:paragraph --><!-- wp:heading --><\/p>\n<h3 style=\"text-align: center;\">How long do we keep your data?<\/h3>\n<p><!-- \/wp:heading --><!-- wp:paragraph --><\/p>\n<p style=\"text-align: center;\">If you leave a comment, the comment and its metadata are retained indefinitely. This allows us to recognize and approve subsequent comments automatically without sending them to moderation each time.<\/p>\n<p><!-- \/wp:paragraph --><!-- wp:paragraph --><\/p>\n<p style=\"text-align: center;\">For users who register on our website (if any), we also store the personal information they provide in their profiles. Each user can access, correct, or delete their personal information at any time (except for their username, which cannot be changed). Site administrators can also access and modify this information.<\/p>\n<p><!-- \/wp:paragraph --><!-- wp:heading --><\/p>\n<h3 style=\"text-align: center;\">What rights do you have to your data?<\/h3>\n<p><!-- \/wp:heading --><!-- wp:paragraph --><\/p>\n<p style=\"text-align: center;\">If you have a user account or have posted comments on this site, you can request an exported file of all the personal data we hold about you, including any data you have provided. You can also request that we delete any personal data we hold about you. This does not include any data we are obligated to retain for administrative, legal, or security purposes.<\/p>\n<p><!-- \/wp:paragraph --><!-- wp:heading --><\/p>\n<h3 style=\"text-align: center;\">Where we send your data<\/h3>\n<p><!-- \/wp:heading --><!-- wp:paragraph --><\/p>\n<p style=\"text-align: center;\">Visitor comments may be checked through an automated spam detection service.<\/p>\n<p><!-- \/wp:paragraph --><\/p>\t\t\t\t\t\t\t\t<\/div>\n\t\t\t\t<\/div>\n\t\t\t\t\t<\/div>\n\t\t<\/div>\n\t\t\t\t\t<\/div>\n\t\t<\/section>\n\t\t\t\t<\/div>","protected":false},"excerpt":{"rendered":"<p>Kim jeste\u015bmy Adres naszej strony internetowej to: https:\/\/psgs.agh.edu.pl. Komentarze Kiedy odwiedzaj\u0105cy witryn\u0119 zostawia komentarz, zbieramy dane widoczne w formularzu komentowania, jak i adres IP odwiedzaj\u0105cego oraz podpis jego przegl\u0105darki jako pomoc przy wykrywaniu spamu. Anonimizowany ci\u0105g znak\u00f3w utworzony z twojego adresu e-mail (zwany te\u017c hashem) mo\u017ce zosta\u0107 przes\u0142any do us\u0142ugi Gravatar w celu sprawdzenia czy&hellip;<\/p>","protected":false},"author":1,"featured_media":0,"parent":0,"menu_order":0,"comment_status":"closed","ping_status":"closed","template":"","meta":{"footnotes":""},"class_list":["post-3","page","type-page","status-publish","hentry"],"_links":{"self":[{"href":"https:\/\/psgs.agh.edu.pl\/en\/wp-json\/wp\/v2\/pages\/3","targetHints":{"allow":["GET"]}}],"collection":[{"href":"https:\/\/psgs.agh.edu.pl\/en\/wp-json\/wp\/v2\/pages"}],"about":[{"href":"https:\/\/psgs.agh.edu.pl\/en\/wp-json\/wp\/v2\/types\/page"}],"author":[{"embeddable":true,"href":"https:\/\/psgs.agh.edu.pl\/en\/wp-json\/wp\/v2\/users\/1"}],"replies":[{"embeddable":true,"href":"https:\/\/psgs.agh.edu.pl\/en\/wp-json\/wp\/v2\/comments?post=3"}],"version-history":[{"count":13,"href":"https:\/\/psgs.agh.edu.pl\/en\/wp-json\/wp\/v2\/pages\/3\/revisions"}],"predecessor-version":[{"id":8844,"href":"https:\/\/psgs.agh.edu.pl\/en\/wp-json\/wp\/v2\/pages\/3\/revisions\/8844"}],"wp:attachment":[{"href":"https:\/\/psgs.agh.edu.pl\/en\/wp-json\/wp\/v2\/media?parent=3"}],"curies":[{"name":"wp","href":"https:\/\/api.w.org\/{rel}","templated":true}]}}