{"id":4042,"date":"2021-12-18T16:38:54","date_gmt":"2021-12-18T15:38:54","guid":{"rendered":"https:\/\/the7.io\/elementor-business\/?page_id=4042"},"modified":"2026-02-25T20:37:58","modified_gmt":"2026-02-25T19:37:58","slug":"o-stowarzyszeniu","status":"publish","type":"page","link":"https:\/\/psgs.agh.edu.pl\/en\/o-stowarzyszeniu\/","title":{"rendered":"About Us"},"content":{"rendered":"<div data-elementor-type=\"wp-page\" data-elementor-id=\"4042\" class=\"elementor elementor-4042\" data-elementor-post-type=\"page\">\n\t\t\t\t\t\t<section class=\"elementor-section elementor-top-section elementor-element elementor-element-265a304 elementor-section-boxed elementor-section-height-default elementor-section-height-default\" data-id=\"265a304\" data-element_type=\"section\" data-e-type=\"section\">\n\t\t\t\t\t\t<div class=\"elementor-container elementor-column-gap-default\">\n\t\t\t\t\t<div class=\"elementor-column elementor-col-100 elementor-top-column elementor-element elementor-element-6bdfc02\" data-id=\"6bdfc02\" data-element_type=\"column\" data-e-type=\"column\">\n\t\t\t<div class=\"elementor-widget-wrap elementor-element-populated\">\n\t\t\t\t\t\t<div class=\"elementor-element elementor-element-adbdf2b elementor-widget elementor-widget-image\" data-id=\"adbdf2b\" data-element_type=\"widget\" data-e-type=\"widget\" data-widget_type=\"image.default\">\n\t\t\t\t<div class=\"elementor-widget-container\">\n\t\t\t\t\t\t\t\t\t\t\t\t\t\t\t<img fetchpriority=\"high\" decoding=\"async\" width=\"768\" height=\"512\" src=\"https:\/\/psgs.agh.edu.pl\/wp-content\/uploads\/2023\/04\/C9223491co-768x512.jpg\" class=\"attachment-medium_large size-medium_large wp-image-7158\" alt=\"\" srcset=\"https:\/\/psgs.agh.edu.pl\/wp-content\/uploads\/2023\/04\/C9223491co-768x512.jpg 768w, https:\/\/psgs.agh.edu.pl\/wp-content\/uploads\/2023\/04\/C9223491co-300x200.jpg 300w, https:\/\/psgs.agh.edu.pl\/wp-content\/uploads\/2023\/04\/C9223491co-1024x683.jpg 1024w, https:\/\/psgs.agh.edu.pl\/wp-content\/uploads\/2023\/04\/C9223491co-1536x1024.jpg 1536w, https:\/\/psgs.agh.edu.pl\/wp-content\/uploads\/2023\/04\/C9223491co-18x12.jpg 18w, https:\/\/psgs.agh.edu.pl\/wp-content\/uploads\/2023\/04\/C9223491co.jpg 1920w\" sizes=\"(max-width: 768px) 100vw, 768px\" \/>\t\t\t\t\t\t\t\t\t\t\t\t\t\t\t<\/div>\n\t\t\t\t<\/div>\n\t\t\t\t\t<\/div>\n\t\t<\/div>\n\t\t\t\t\t<\/div>\n\t\t<\/section>\n\t\t\t\t<section class=\"elementor-section elementor-top-section elementor-element elementor-element-ae856dd elementor-section-boxed elementor-section-height-default elementor-section-height-default\" data-id=\"ae856dd\" data-element_type=\"section\" data-e-type=\"section\">\n\t\t\t\t\t\t<div class=\"elementor-container elementor-column-gap-default\">\n\t\t\t\t\t<div class=\"elementor-column elementor-col-100 elementor-top-column elementor-element elementor-element-7b4bd75\" data-id=\"7b4bd75\" data-element_type=\"column\" data-e-type=\"column\">\n\t\t\t<div class=\"elementor-widget-wrap elementor-element-populated\">\n\t\t\t\t\t\t<div class=\"elementor-element elementor-element-17f7a1d elementor-widget elementor-widget-text-editor\" data-id=\"17f7a1d\" data-element_type=\"widget\" data-e-type=\"widget\" data-widget_type=\"text-editor.default\">\n\t\t\t\t<div class=\"elementor-widget-container\">\n\t\t\t\t\t\t\t\t\t<p class=\"translation-block\">The Polish Salt Mining Association (PSGS) was founded on <strong>4 December 1991<\/strong>. On that day, the relevant entry was made in the Polish National Register of Associations based on the decision of the Regional Court in Krak\u00f3w. Next, the General Assembly of the PSGS members elected the first PSGS bodies on 24 February 1992: Management Board, Audit Committee, and Disciplinary Panel.<\/p>\t\t\t\t\t\t\t\t<\/div>\n\t\t\t\t<\/div>\n\t\t\t\t\t<\/div>\n\t\t<\/div>\n\t\t\t\t\t<\/div>\n\t\t<\/section>\n\t\t\t\t<section class=\"elementor-section elementor-top-section elementor-element elementor-element-3683aaa elementor-section-boxed elementor-section-height-default elementor-section-height-default\" data-id=\"3683aaa\" data-element_type=\"section\" data-e-type=\"section\">\n\t\t\t\t\t\t<div class=\"elementor-container elementor-column-gap-default\">\n\t\t\t\t\t<div class=\"elementor-column elementor-col-100 elementor-top-column elementor-element elementor-element-cbf4835\" data-id=\"cbf4835\" data-element_type=\"column\" data-e-type=\"column\">\n\t\t\t<div class=\"elementor-widget-wrap elementor-element-populated\">\n\t\t\t\t\t\t<div class=\"elementor-element elementor-element-e4ffaa5 elementor-widget elementor-widget-text-editor\" data-id=\"e4ffaa5\" data-element_type=\"widget\" data-e-type=\"widget\" data-widget_type=\"text-editor.default\">\n\t\t\t\t<div class=\"elementor-widget-container\">\n\t\t\t\t\t\t\t\t\t<p>The term of each body lasts three years. Until 2022, 11 terms passed. The following 7 PSGS Presidents were elected in that period:<\/p><ul><li>Dr in\u017c. Grzegorz Kortas, 1992-1995<\/li><li>Prof. dr hab. in\u017c. Aleksander Garlicki, 1995-1998<\/li><li>Dr in\u017c. Andrzej Maciejewski, 1998-2001<\/li><li>Dr in\u017c. Jacek Wachowiak, 2003-2006, 2006-2009, 2009-2012, 2012-2015<\/li><li>Dr hab. in\u017c. Krzysztof Bukowski, 2015-2018<\/li><li>Dr in\u017c. Jacek Wachowiak, 2018-2021, 2021-2024<\/li><li><div class=\"box-content-wrapper\"><div class=\"box-content\"><div class=\"box-description\">Dr hab. in\u017c. Wac\u0142aw Andrusikiewicz, 2024-&#8230;<\/div><\/div><\/div><\/li><\/ul>\t\t\t\t\t\t\t\t<\/div>\n\t\t\t\t<\/div>\n\t\t\t\t\t<\/div>\n\t\t<\/div>\n\t\t\t\t\t<\/div>\n\t\t<\/section>\n\t\t\t\t<section class=\"elementor-section elementor-top-section elementor-element elementor-element-631ef12 elementor-section-boxed elementor-section-height-default elementor-section-height-default\" data-id=\"631ef12\" data-element_type=\"section\" data-e-type=\"section\">\n\t\t\t\t\t\t<div class=\"elementor-container elementor-column-gap-default\">\n\t\t\t\t\t<div class=\"elementor-column elementor-col-100 elementor-top-column elementor-element elementor-element-66df7a5\" data-id=\"66df7a5\" data-element_type=\"column\" data-e-type=\"column\">\n\t\t\t<div class=\"elementor-widget-wrap elementor-element-populated\">\n\t\t\t\t\t\t<div class=\"elementor-element elementor-element-7633d67 elementor-widget elementor-widget-text-editor\" data-id=\"7633d67\" data-element_type=\"widget\" data-e-type=\"widget\" data-widget_type=\"text-editor.default\">\n\t\t\t\t<div class=\"elementor-widget-container\">\n\t\t\t\t\t\t\t\t\t<p class=\"translation-block\"><em>The members of the current PSGS bodies are listed under the\u00a0<strong>\u201eBoard\u201d<\/strong> tab.<\/em><\/p><p class=\"translation-block\"><em>Details on the PSGS origin and the members of the authorities in particular terms are specified under the\u00a0<strong>\u201eHistory\u201d<\/strong> tab. <\/em><\/p><p>\u00a0<\/p>\t\t\t\t\t\t\t\t<\/div>\n\t\t\t\t<\/div>\n\t\t\t\t\t<\/div>\n\t\t<\/div>\n\t\t\t\t\t<\/div>\n\t\t<\/section>\n\t\t\t\t<section class=\"elementor-section elementor-top-section elementor-element elementor-element-3ff4752 elementor-section-boxed elementor-section-height-default elementor-section-height-default\" data-id=\"3ff4752\" data-element_type=\"section\" data-e-type=\"section\">\n\t\t\t\t\t\t<div class=\"elementor-container elementor-column-gap-default\">\n\t\t\t\t\t<div class=\"elementor-column elementor-col-100 elementor-top-column elementor-element elementor-element-6a729c8\" data-id=\"6a729c8\" data-element_type=\"column\" data-e-type=\"column\">\n\t\t\t<div class=\"elementor-widget-wrap elementor-element-populated\">\n\t\t\t\t\t\t<div class=\"elementor-element elementor-element-53abf5d elementor-widget elementor-widget-text-editor\" data-id=\"53abf5d\" data-element_type=\"widget\" data-e-type=\"widget\" data-widget_type=\"text-editor.default\">\n\t\t\t\t<div class=\"elementor-widget-container\">\n\t\t\t\t\t\t\t\t\t<p>The PSGS membership includes the workers of the mining companies, Universities, government agencies, research and development centres involved in salt deposit prospecting, mining, and management. The goal of PSGS is to act to the benefit of broadly understood salt mining industry, business, and research in Poland, including e.g. the following:<\/p><ul><li>To express opinions on important salt mining issues,<\/li><li>To disseminate salt mining knowledge and research achievements,<\/li><li>To integrate the salt mining communities,<\/li><li>To co-operate in the educational projects designed for salt mining personnel.<\/li><\/ul><p>PSGS achieves its statutory goals e.g. through the following:<\/p><ul><li>Organisation of conferences, exhibitions, and seminars dedicated to salt issues,<\/li><li>Organisation of research field trips to study salt deposits around the world,<\/li><li>Publication of studies relating to salt mining,<\/li><li>Organisation of training courses and post-graduate studies on salt mining issues,<\/li><\/ul>\t\t\t\t\t\t\t\t<\/div>\n\t\t\t\t<\/div>\n\t\t\t\t\t<\/div>\n\t\t<\/div>\n\t\t\t\t\t<\/div>\n\t\t<\/section>\n\t\t\t\t<section class=\"elementor-section elementor-top-section elementor-element elementor-element-c2de8d2 elementor-section-boxed elementor-section-height-default elementor-section-height-default\" data-id=\"c2de8d2\" data-element_type=\"section\" data-e-type=\"section\">\n\t\t\t\t\t\t<div class=\"elementor-container elementor-column-gap-default\">\n\t\t\t\t\t<div class=\"elementor-column elementor-col-100 elementor-top-column elementor-element elementor-element-d73b715\" data-id=\"d73b715\" data-element_type=\"column\" data-e-type=\"column\">\n\t\t\t<div class=\"elementor-widget-wrap elementor-element-populated\">\n\t\t\t\t\t\t<div class=\"elementor-element elementor-element-96fc533 elementor-widget elementor-widget-text-editor\" data-id=\"96fc533\" data-element_type=\"widget\" data-e-type=\"widget\" data-widget_type=\"text-editor.default\">\n\t\t\t\t<div class=\"elementor-widget-container\">\n\t\t\t\t\t\t\t\t\t<p class=\"translation-block\"><em>All the statutory goals of PSGS and the methods of implementation thereof, together with other rules governing the PSGS activities can be found under the\u00a0<strong>\u201eDeclaration\u201d<\/strong> tab.<\/em><\/p><p class=\"translation-block\">To achieve its statutory goals, PSGS completed\u00a0<u>several dozens of projects<\/u> until 2022, including the following:<\/p>\t\t\t\t\t\t\t\t<\/div>\n\t\t\t\t<\/div>\n\t\t\t\t\t<\/div>\n\t\t<\/div>\n\t\t\t\t\t<\/div>\n\t\t<\/section>\n\t\t\t\t<section class=\"elementor-section elementor-top-section elementor-element elementor-element-56c22a2 elementor-section-boxed elementor-section-height-default elementor-section-height-default\" data-id=\"56c22a2\" data-element_type=\"section\" data-e-type=\"section\">\n\t\t\t\t\t\t<div class=\"elementor-container elementor-column-gap-default\">\n\t\t\t\t\t<div class=\"elementor-column elementor-col-33 elementor-top-column elementor-element elementor-element-1978fce\" data-id=\"1978fce\" data-element_type=\"column\" data-e-type=\"column\">\n\t\t\t<div class=\"elementor-widget-wrap elementor-element-populated\">\n\t\t\t\t\t\t<div class=\"elementor-element elementor-element-54d7fd2 elementor-view-default elementor-position-block-start elementor-mobile-position-block-start elementor-widget elementor-widget-icon-box\" data-id=\"54d7fd2\" data-element_type=\"widget\" data-e-type=\"widget\" data-widget_type=\"icon-box.default\">\n\t\t\t\t<div class=\"elementor-widget-container\">\n\t\t\t\t\t\t\t<div class=\"elementor-icon-box-wrapper\">\n\n\t\t\t\t\t\t<div class=\"elementor-icon-box-icon\">\n\t\t\t\t<span  class=\"elementor-icon\">\n\t\t\t\t<i aria-hidden=\"true\" class=\"fas fa-university\"><\/i>\t\t\t\t<\/span>\n\t\t\t<\/div>\n\t\t\t\n\t\t\t\t\t\t<div class=\"elementor-icon-box-content\">\n\n\t\t\t\t\t\t\t\t\t<h4 class=\"elementor-icon-box-title\">\n\t\t\t\t\t\t<span  >\n\t\t\t\t\t\t\t\u201cQuo Vadis Sal\u201d Symposiums\t\t\t\t\t\t<\/span>\n\t\t\t\t\t<\/h4>\n\t\t\t\t\n\t\t\t\t\t\t\t\t\t<p class=\"elementor-icon-box-description\">\n\t\t\t\t\t\t30 International Salt Symposiums have been completed under the common slogan of \u201cQuo Vadis Sal.\u201d The QVS Symposium is the largest salt discussion forum in Poland and one of the largest in the world. Each year, the participants include the representatives of the Polish government agencies, research persons from Universities and research establishments, together with specialists from Polish and foreign salt mining and salt processing companies and businesses. In recent years, about 120\u2013140 participants represented about 50 Polish and foreign agencies, institutes, and businesses from Australia, Austria, Belgium, Belarus, Bosnia and Herzegovina, Canada, China, France, Germany, Slovakia, T\u00fcrkiye, Ukraine, and the USA.\nDetails of the Quo Vadis Sal Programmes are presented under the \u201cConferences\u201d tab.\t\t\t\t\t<\/p>\n\t\t\t\t\n\t\t\t<\/div>\n\t\t\t\n\t\t<\/div>\n\t\t\t\t\t\t<\/div>\n\t\t\t\t<\/div>\n\t\t\t\t\t<\/div>\n\t\t<\/div>\n\t\t\t\t<div class=\"elementor-column elementor-col-33 elementor-top-column elementor-element elementor-element-80a6fc9\" data-id=\"80a6fc9\" data-element_type=\"column\" data-e-type=\"column\">\n\t\t\t<div class=\"elementor-widget-wrap elementor-element-populated\">\n\t\t\t\t\t\t<div class=\"elementor-element elementor-element-dbb5dca elementor-view-default elementor-position-block-start elementor-mobile-position-block-start elementor-widget elementor-widget-icon-box\" data-id=\"dbb5dca\" data-element_type=\"widget\" data-e-type=\"widget\" data-widget_type=\"icon-box.default\">\n\t\t\t\t<div class=\"elementor-widget-container\">\n\t\t\t\t\t\t\t<div class=\"elementor-icon-box-wrapper\">\n\n\t\t\t\t\t\t<div class=\"elementor-icon-box-icon\">\n\t\t\t\t<span  class=\"elementor-icon\">\n\t\t\t\t<i aria-hidden=\"true\" class=\"fas fa-globe-africa\"><\/i>\t\t\t\t<\/span>\n\t\t\t<\/div>\n\t\t\t\n\t\t\t\t\t\t<div class=\"elementor-icon-box-content\">\n\n\t\t\t\t\t\t\t\t\t<h4 class=\"elementor-icon-box-title\">\n\t\t\t\t\t\t<span  >\n\t\t\t\t\t\t\tPSGS Expeditions\t\t\t\t\t\t<\/span>\n\t\t\t\t\t<\/h4>\n\t\t\t\t\n\t\t\t\t\t\t\t\t\t<p class=\"elementor-icon-box-description\">\n\t\t\t\t\t\tPSGS organised 15 Research Expeditions to interesting locations of salt deposits and evaporite sits: Dead Sea (2006), Sicily (2007), Ukraine (2008), Romania (2009), Peru-Bolivia-Chile (2010), T\u00fcrkiye (2011), Morocco (2012), Dominican Republic (2013), Spain (2014), Bosnia and Herzegovina (2016), Georgia (2017), Iran (2018), and Portugal (2019).\n\nDetails of the Expedition Programmes are presented under the \u201cExpeditions\u201d tab.\t\t\t\t\t<\/p>\n\t\t\t\t\n\t\t\t<\/div>\n\t\t\t\n\t\t<\/div>\n\t\t\t\t\t\t<\/div>\n\t\t\t\t<\/div>\n\t\t\t\t\t<\/div>\n\t\t<\/div>\n\t\t\t\t<div class=\"elementor-column elementor-col-33 elementor-top-column elementor-element elementor-element-96157e8\" data-id=\"96157e8\" data-element_type=\"column\" data-e-type=\"column\">\n\t\t\t<div class=\"elementor-widget-wrap elementor-element-populated\">\n\t\t\t\t\t\t<div class=\"elementor-element elementor-element-2ff6623 elementor-view-default elementor-position-block-start elementor-mobile-position-block-start elementor-widget elementor-widget-icon-box\" data-id=\"2ff6623\" data-element_type=\"widget\" data-e-type=\"widget\" data-widget_type=\"icon-box.default\">\n\t\t\t\t<div class=\"elementor-widget-container\">\n\t\t\t\t\t\t\t<div class=\"elementor-icon-box-wrapper\">\n\n\t\t\t\t\t\t<div class=\"elementor-icon-box-icon\">\n\t\t\t\t<span  class=\"elementor-icon\">\n\t\t\t\t<i aria-hidden=\"true\" class=\"fas fa-book-open\"><\/i>\t\t\t\t<\/span>\n\t\t\t<\/div>\n\t\t\t\n\t\t\t\t\t\t<div class=\"elementor-icon-box-content\">\n\n\t\t\t\t\t\t\t\t\t<h4 class=\"elementor-icon-box-title\">\n\t\t\t\t\t\t<span  >\n\t\t\t\t\t\t\tSalt Review\t\t\t\t\t\t<\/span>\n\t\t\t\t\t<\/h4>\n\t\t\t\t\n\t\t\t\t\t\t\t\t\t<p class=\"elementor-icon-box-description\">\n\t\t\t\t\t\tPSGS edited and published 19 volumes of the Salt Review yearbook. The papers published concern the issues relating to Polish and foreign salt mining, including geology, engineering, industry, and other relevant matters. Each paper is read by two reviewers. Since 2022, the Salt Review is published in full Polish and English versions.\n\nAll the volumes and papers can be downloaded in the PDF format from under the \u201cSalt Review\u201d tab.\t\t\t\t\t<\/p>\n\t\t\t\t\n\t\t\t<\/div>\n\t\t\t\n\t\t<\/div>\n\t\t\t\t\t\t<\/div>\n\t\t\t\t<\/div>\n\t\t\t\t\t<\/div>\n\t\t<\/div>\n\t\t\t\t\t<\/div>\n\t\t<\/section>\n\t\t\t\t<section class=\"elementor-section elementor-top-section elementor-element elementor-element-9789861 elementor-section-boxed elementor-section-height-default elementor-section-height-default\" data-id=\"9789861\" data-element_type=\"section\" data-e-type=\"section\">\n\t\t\t\t\t\t<div class=\"elementor-container elementor-column-gap-default\">\n\t\t\t\t\t<div class=\"elementor-column elementor-col-100 elementor-top-column elementor-element elementor-element-7993573\" data-id=\"7993573\" data-element_type=\"column\" data-e-type=\"column\">\n\t\t\t<div class=\"elementor-widget-wrap elementor-element-populated\">\n\t\t\t\t\t\t<div class=\"elementor-element elementor-element-6233a70 elementor-widget elementor-widget-text-editor\" data-id=\"6233a70\" data-element_type=\"widget\" data-e-type=\"widget\" data-widget_type=\"text-editor.default\">\n\t\t\t\t<div class=\"elementor-widget-container\">\n\t\t\t\t\t\t\t\t\t<div id=\"main\"><div class=\"wrapper\"><div class=\"row\"><div class=\"col-md-9\"><div id=\"post-3817\" class=\"post-3817 page type-page status-publish hentry\"><div class=\"entry-content\"><p>In 2022, The Polish Salt Mining Association celebrated its 30th anniversary. The period was dedicated to substantive work to the benefit of the Polish salt mining industry, based on excellent and friendly co-operation. The Jubilee events took place in the Auditorium of the AGH University of Science and Technology in Krak\u00f3w.<\/p><p>We wish to thank you for tender, warm, kind-hearted, and optimistic wishes of continuation of our beautiful common work, with every success today and in the future.<\/p><p>God Bless our Miners!<\/p><\/div><\/div><\/div><\/div><\/div><\/div>\t\t\t\t\t\t\t\t<\/div>\n\t\t\t\t<\/div>\n\t\t\t\t\t<\/div>\n\t\t<\/div>\n\t\t\t\t\t<\/div>\n\t\t<\/section>\n\t\t\t\t<\/div>","protected":false},"excerpt":{"rendered":"<p>Polskie Stowarzyszenie G\u00f3rnictwa Solnego (PSGS) powsta\u0142o\u00a04 grudnia 1991 r.\u00a0W tym dniu nast\u0105pi\u0142 wpis do krajowego rejestru stowarzysze\u0144 na podstawie postanowienia S\u0105du Wojew\u00f3dzkiego w Krakowie. 24 lutego 1992 r. Walne Zgromadzenie PSGS wy\u0142oni\u0142o pierwsze w\u0142adze Stowarzyszenia: Zarz\u0105d, Komisj\u0119 Rewizyjn\u0105 i S\u0105d Kole\u017ce\u0144ski. Kadencja w\u0142adz trwa 3 lata. Do 2022 r. up\u0142yn\u0119\u0142o 11 kadencji w\u0142adz PSGS, a&hellip;<\/p>","protected":false},"author":1,"featured_media":7158,"parent":0,"menu_order":30,"comment_status":"closed","ping_status":"closed","template":"","meta":{"footnotes":""},"class_list":["post-4042","page","type-page","status-publish","has-post-thumbnail","hentry"],"_links":{"self":[{"href":"https:\/\/psgs.agh.edu.pl\/en\/wp-json\/wp\/v2\/pages\/4042","targetHints":{"allow":["GET"]}}],"collection":[{"href":"https:\/\/psgs.agh.edu.pl\/en\/wp-json\/wp\/v2\/pages"}],"about":[{"href":"https:\/\/psgs.agh.edu.pl\/en\/wp-json\/wp\/v2\/types\/page"}],"author":[{"embeddable":true,"href":"https:\/\/psgs.agh.edu.pl\/en\/wp-json\/wp\/v2\/users\/1"}],"replies":[{"embeddable":true,"href":"https:\/\/psgs.agh.edu.pl\/en\/wp-json\/wp\/v2\/comments?post=4042"}],"version-history":[{"count":38,"href":"https:\/\/psgs.agh.edu.pl\/en\/wp-json\/wp\/v2\/pages\/4042\/revisions"}],"predecessor-version":[{"id":8565,"href":"https:\/\/psgs.agh.edu.pl\/en\/wp-json\/wp\/v2\/pages\/4042\/revisions\/8565"}],"wp:featuredmedia":[{"embeddable":true,"href":"https:\/\/psgs.agh.edu.pl\/en\/wp-json\/wp\/v2\/media\/7158"}],"wp:attachment":[{"href":"https:\/\/psgs.agh.edu.pl\/en\/wp-json\/wp\/v2\/media?parent=4042"}],"curies":[{"name":"wp","href":"https:\/\/api.w.org\/{rel}","templated":true}]}}