{"id":4052,"date":"2021-12-18T16:40:01","date_gmt":"2021-12-18T15:40:01","guid":{"rendered":"https:\/\/the7.io\/elementor-business\/?page_id=4052"},"modified":"2023-04-04T18:10:42","modified_gmt":"2023-04-04T16:10:42","slug":"wyprawy","status":"publish","type":"page","link":"https:\/\/psgs.agh.edu.pl\/en\/o-stowarzyszeniu\/wyprawy\/","title":{"rendered":"Expeditions"},"content":{"rendered":"<div data-elementor-type=\"wp-page\" data-elementor-id=\"4052\" class=\"elementor elementor-4052\" data-elementor-post-type=\"page\">\n\t\t\t\t\t\t<section class=\"elementor-section elementor-top-section elementor-element elementor-element-5045206 elementor-section-boxed elementor-section-height-default elementor-section-height-default\" data-id=\"5045206\" data-element_type=\"section\" data-e-type=\"section\">\n\t\t\t\t\t\t<div class=\"elementor-container elementor-column-gap-default\">\n\t\t\t\t\t<div class=\"elementor-column elementor-col-100 elementor-top-column elementor-element elementor-element-747c05b\" data-id=\"747c05b\" data-element_type=\"column\" data-e-type=\"column\">\n\t\t\t<div class=\"elementor-widget-wrap elementor-element-populated\">\n\t\t\t\t\t\t<div class=\"elementor-element elementor-element-00b116b elementor-widget elementor-widget-text-editor\" data-id=\"00b116b\" data-element_type=\"widget\" data-e-type=\"widget\" data-widget_type=\"text-editor.default\">\n\t\t\t\t<div class=\"elementor-widget-container\">\n\t\t\t\t\t\t\t\t\t<p>Every year, the Polish Salt Mining Association (PSGS) is the organizer of international tours related to all aspects of salt mining. Our expeditions give opportunities to learn foreign salt mining technologies, as well as the related cultures and customs. In addition, they provide opportunities to reward the PSGS members for their efforts associated with all-year work in our organization. Our group field trips allow us to strengthen our friendship ties to continue for years ahead.<\/p><p>\u00a0<\/p>\t\t\t\t\t\t\t\t<\/div>\n\t\t\t\t<\/div>\n\t\t\t\t\t<\/div>\n\t\t<\/div>\n\t\t\t\t\t<\/div>\n\t\t<\/section>\n\t\t\t\t<section class=\"elementor-section elementor-top-section elementor-element elementor-element-b5feb80 elementor-section-boxed elementor-section-height-default elementor-section-height-default\" data-id=\"b5feb80\" data-element_type=\"section\" data-e-type=\"section\">\n\t\t\t\t\t\t<div class=\"elementor-container elementor-column-gap-wider\">\n\t\t\t\t\t<div class=\"elementor-column elementor-col-100 elementor-top-column elementor-element elementor-element-790bcb1\" data-id=\"790bcb1\" data-element_type=\"column\" data-e-type=\"column\">\n\t\t\t<div class=\"elementor-widget-wrap elementor-element-populated\">\n\t\t\t\t\t\t<div class=\"elementor-element elementor-element-776ce17 img-align-top image-vertical-align-center slide-h-position-center icon-box-vertical-align-top preserve-img-ratio-cover elementor-widget elementor-widget-the7-elements-simple-posts\" data-id=\"776ce17\" data-element_type=\"widget\" data-e-type=\"widget\" data-widget_type=\"the7-elements-simple-posts.default\">\n\t\t\t\t<div class=\"elementor-widget-container\">\n\t\t\t\t\t<div class=\"the7-simple-widget-posts the7-elementor-widget the7-elements-simple-posts-776ce17 jquery-filter title-to-line jquery-filter\" data-post-limit=\"12\" data-pagination-mode=\"load-more\" data-scroll-offset=\"\" aria-live=\"assertive\">\t\t\t<div class=\"dt-css-grid custom-pagination-handler\" data-columns=\"{&quot;d&quot;:3,&quot;t&quot;:2,&quot;p&quot;:1,&quot;wd&quot;:3}\">\n\t\t\t\t\t\t\t\t\t<div class=\"wf-cell visible\">\n\t\t\t\t\t\t<article class=\"post visible wrapper post-7517 dt_portfolio type-dt_portfolio status-publish has-post-thumbnail hentry\">\n\n\t\t\t\t\t\t\t<div class=\"post-content-wrapper\">\n\t\t\t\t\t\t\t\t\t\t\t\t\t\t\t\t\t<div class=\"the7-simple-post-thumb\">\n\t\t\t\t\t\t\t\t\t\t<a class=\"post-thumbnail-rollover layzr-bg img-css-resize-wrapper\" aria-label=\"Post image\" href=\"https:\/\/psgs.agh.edu.pl\/en\/project\/portugalia-2019\/\"><img fetchpriority=\"high\" decoding=\"async\" width=\"2560\" height=\"1714\" src=\"data:image\/svg+xml,%3Csvg%20xmlns%3D&#039;http%3A%2F%2Fwww.w3.org%2F2000%2Fsvg&#039;%20viewBox%3D&#039;0%200%202560%201714&#039;%2F%3E\" class=\"attachment-full size-full preload-me aspect lazy lazy-load\" alt=\"\" sizes=\"(max-width: 2560px) 100vw, 2560px\" style=\"--ratio: 2560 \/ 1714;\" data-src=\"https:\/\/psgs.agh.edu.pl\/wp-content\/uploads\/2023\/04\/Grupa-na-wybrzezu.-K.-DObyrn-scaled.jpg\" loading=\"eager\" data-srcset=\"https:\/\/psgs.agh.edu.pl\/wp-content\/uploads\/2023\/04\/Grupa-na-wybrzezu.-K.-DObyrn-scaled.jpg 2560w, https:\/\/psgs.agh.edu.pl\/wp-content\/uploads\/2023\/04\/Grupa-na-wybrzezu.-K.-DObyrn-300x201.jpg 300w, https:\/\/psgs.agh.edu.pl\/wp-content\/uploads\/2023\/04\/Grupa-na-wybrzezu.-K.-DObyrn-1024x685.jpg 1024w, https:\/\/psgs.agh.edu.pl\/wp-content\/uploads\/2023\/04\/Grupa-na-wybrzezu.-K.-DObyrn-768x514.jpg 768w, https:\/\/psgs.agh.edu.pl\/wp-content\/uploads\/2023\/04\/Grupa-na-wybrzezu.-K.-DObyrn-1536x1028.jpg 1536w, https:\/\/psgs.agh.edu.pl\/wp-content\/uploads\/2023\/04\/Grupa-na-wybrzezu.-K.-DObyrn-2048x1371.jpg 2048w, https:\/\/psgs.agh.edu.pl\/wp-content\/uploads\/2023\/04\/Grupa-na-wybrzezu.-K.-DObyrn-18x12.jpg 18w\" \/><span class=\"the7-hover-icon\"><\/span><\/a>\t\t\t\t\t\t\t\t\t<\/div>\n\t\t\t\t\t\t\t\t\t\t\t\t\t\t\t\t<div class=\"post-entry-content\">\n\t\t\t\t\t\t\t\t\t<h6 class=\"heading\"><a href=\"https:\/\/psgs.agh.edu.pl\/en\/project\/portugalia-2019\/\" rel=\"bookmark\" title=\"Portugalia 2019\" class=\"post-title\">Portugalia 2019<\/a><\/h6><p class=\"short-description\">Portugalia zajmuje na P\u00f3\u0142wyspie Iberyjskim\u00a0 urozmaicony i niezwykle ciekawy pod wzgl\u0119dem geologicznym\u00a0 obszar. Zapisa\u0142y si\u0119&hellip;<\/p><a href=\"https:\/\/psgs.agh.edu.pl\/en\/project\/portugalia-2019\/\" target=\"\" aria-label=\"Read more about Portugalia 2019\" class=\"box-button elementor-button elementor-size-sm\">Read more<\/a>\t\t\t\t\t\t\t\t<\/div>\n\t\t\t\t\t\t\t<\/div>\n\t\t\t\t\t\t<\/article>\n\t\t\t\t\t<\/div>\t\t\t\t\t\t\t\t\t\t<div class=\"wf-cell visible\">\n\t\t\t\t\t\t<article class=\"post visible wrapper post-7512 dt_portfolio type-dt_portfolio status-publish has-post-thumbnail hentry\">\n\n\t\t\t\t\t\t\t<div class=\"post-content-wrapper\">\n\t\t\t\t\t\t\t\t\t\t\t\t\t\t\t\t\t<div class=\"the7-simple-post-thumb\">\n\t\t\t\t\t\t\t\t\t\t<a class=\"post-thumbnail-rollover layzr-bg img-css-resize-wrapper\" aria-label=\"Post image\" href=\"https:\/\/psgs.agh.edu.pl\/en\/project\/iran-2018\/\"><img decoding=\"async\" width=\"2560\" height=\"1701\" src=\"data:image\/svg+xml,%3Csvg%20xmlns%3D&#039;http%3A%2F%2Fwww.w3.org%2F2000%2Fsvg&#039;%20viewBox%3D&#039;0%200%202560%201701&#039;%2F%3E\" class=\"attachment-full size-full preload-me aspect lazy lazy-load\" alt=\"\" sizes=\"(max-width: 2560px) 100vw, 2560px\" style=\"--ratio: 2560 \/ 1701;\" data-src=\"https:\/\/psgs.agh.edu.pl\/wp-content\/uploads\/2023\/04\/Jaworska-scaled.jpg\" loading=\"eager\" data-srcset=\"https:\/\/psgs.agh.edu.pl\/wp-content\/uploads\/2023\/04\/Jaworska-scaled.jpg 2560w, https:\/\/psgs.agh.edu.pl\/wp-content\/uploads\/2023\/04\/Jaworska-300x199.jpg 300w, https:\/\/psgs.agh.edu.pl\/wp-content\/uploads\/2023\/04\/Jaworska-1024x680.jpg 1024w, https:\/\/psgs.agh.edu.pl\/wp-content\/uploads\/2023\/04\/Jaworska-768x510.jpg 768w, https:\/\/psgs.agh.edu.pl\/wp-content\/uploads\/2023\/04\/Jaworska-1536x1021.jpg 1536w, https:\/\/psgs.agh.edu.pl\/wp-content\/uploads\/2023\/04\/Jaworska-2048x1361.jpg 2048w, https:\/\/psgs.agh.edu.pl\/wp-content\/uploads\/2023\/04\/Jaworska-18x12.jpg 18w\" \/><span class=\"the7-hover-icon\"><\/span><\/a>\t\t\t\t\t\t\t\t\t<\/div>\n\t\t\t\t\t\t\t\t\t\t\t\t\t\t\t\t<div class=\"post-entry-content\">\n\t\t\t\t\t\t\t\t\t<h6 class=\"heading\"><a href=\"https:\/\/psgs.agh.edu.pl\/en\/project\/iran-2018\/\" rel=\"bookmark\" title=\"Iran 2018\" class=\"post-title\">Iran 2018<\/a><\/h6><p class=\"short-description\">Diapirs and salt glaciers of southern Iran. Salt domes exposed at the surface in the Zagros\u2026<\/p><a href=\"https:\/\/psgs.agh.edu.pl\/en\/project\/iran-2018\/\" target=\"\" aria-label=\"Read more about Iran 2018\" class=\"box-button elementor-button elementor-size-sm\">Read more<\/a>\t\t\t\t\t\t\t\t<\/div>\n\t\t\t\t\t\t\t<\/div>\n\t\t\t\t\t\t<\/article>\n\t\t\t\t\t<\/div>\t\t\t\t\t\t\t\t\t\t<div class=\"wf-cell visible\">\n\t\t\t\t\t\t<article class=\"post visible wrapper post-6207 dt_portfolio type-dt_portfolio status-publish has-post-thumbnail hentry\">\n\n\t\t\t\t\t\t\t<div class=\"post-content-wrapper\">\n\t\t\t\t\t\t\t\t\t\t\t\t\t\t\t\t\t<div class=\"the7-simple-post-thumb\">\n\t\t\t\t\t\t\t\t\t\t<a class=\"post-thumbnail-rollover layzr-bg img-css-resize-wrapper\" aria-label=\"Post image\" href=\"https:\/\/psgs.agh.edu.pl\/en\/project\/gruzja-2017\/\"><img decoding=\"async\" width=\"1920\" height=\"1280\" src=\"data:image\/svg+xml,%3Csvg%20xmlns%3D&#039;http%3A%2F%2Fwww.w3.org%2F2000%2Fsvg&#039;%20viewBox%3D&#039;0%200%201920%201280&#039;%2F%3E\" class=\"attachment-full size-full preload-me aspect lazy lazy-load\" alt=\"\" sizes=\"(max-width: 1920px) 100vw, 1920px\" style=\"--ratio: 1920 \/ 1280;\" data-src=\"https:\/\/psgs.agh.edu.pl\/wp-content\/uploads\/2017\/03\/gruzja.jpg\" loading=\"eager\" data-srcset=\"https:\/\/psgs.agh.edu.pl\/wp-content\/uploads\/2017\/03\/gruzja.jpg 1920w, https:\/\/psgs.agh.edu.pl\/wp-content\/uploads\/2017\/03\/gruzja-300x200.jpg 300w, https:\/\/psgs.agh.edu.pl\/wp-content\/uploads\/2017\/03\/gruzja-1024x683.jpg 1024w, https:\/\/psgs.agh.edu.pl\/wp-content\/uploads\/2017\/03\/gruzja-768x512.jpg 768w, https:\/\/psgs.agh.edu.pl\/wp-content\/uploads\/2017\/03\/gruzja-1536x1024.jpg 1536w, https:\/\/psgs.agh.edu.pl\/wp-content\/uploads\/2017\/03\/gruzja-18x12.jpg 18w\" \/><span class=\"the7-hover-icon\"><\/span><\/a>\t\t\t\t\t\t\t\t\t<\/div>\n\t\t\t\t\t\t\t\t\t\t\t\t\t\t\t\t<div class=\"post-entry-content\">\n\t\t\t\t\t\t\t\t\t<h6 class=\"heading\"><a href=\"https:\/\/psgs.agh.edu.pl\/en\/project\/gruzja-2017\/\" rel=\"bookmark\" title=\"Gruzja 2017\" class=\"post-title\">Gruzja 2017<\/a><\/h6><p class=\"short-description\">The aim of the next expedition of the Polish Salt Mining Association, which took place on September 10-21, 2017\u2026<\/p><a href=\"https:\/\/psgs.agh.edu.pl\/en\/project\/gruzja-2017\/\" target=\"\" aria-label=\"Read more about Gruzja 2017\" class=\"box-button elementor-button elementor-size-sm\">Read more<\/a>\t\t\t\t\t\t\t\t<\/div>\n\t\t\t\t\t\t\t<\/div>\n\t\t\t\t\t\t<\/article>\n\t\t\t\t\t<\/div>\t\t\t\t\t\t\t\t\t\t<div class=\"wf-cell visible\">\n\t\t\t\t\t\t<article class=\"post visible wrapper post-583 dt_portfolio type-dt_portfolio status-publish has-post-thumbnail hentry\">\n\n\t\t\t\t\t\t\t<div class=\"post-content-wrapper\">\n\t\t\t\t\t\t\t\t\t\t\t\t\t\t\t\t\t<div class=\"the7-simple-post-thumb\">\n\t\t\t\t\t\t\t\t\t\t<a class=\"post-thumbnail-rollover layzr-bg img-css-resize-wrapper\" aria-label=\"Post image\" href=\"https:\/\/psgs.agh.edu.pl\/en\/project\/lorem-ipsum-dolor\/\"><img decoding=\"async\" width=\"999\" height=\"664\" src=\"data:image\/svg+xml,%3Csvg%20xmlns%3D&#039;http%3A%2F%2Fwww.w3.org%2F2000%2Fsvg&#039;%20viewBox%3D&#039;0%200%20999%20664&#039;%2F%3E\" class=\"attachment-full size-full preload-me aspect lazy lazy-load\" alt=\"\" sizes=\"(max-width: 999px) 100vw, 999px\" style=\"--ratio: 999 \/ 664;\" data-src=\"https:\/\/psgs.agh.edu.pl\/wp-content\/uploads\/2014\/02\/besalau.webp\" loading=\"eager\" data-srcset=\"https:\/\/psgs.agh.edu.pl\/wp-content\/uploads\/2014\/02\/besalau.webp 999w, https:\/\/psgs.agh.edu.pl\/wp-content\/uploads\/2014\/02\/besalau-300x199.webp 300w, https:\/\/psgs.agh.edu.pl\/wp-content\/uploads\/2014\/02\/besalau-768x510.webp 768w, https:\/\/psgs.agh.edu.pl\/wp-content\/uploads\/2014\/02\/besalau-18x12.webp 18w\" \/><span class=\"the7-hover-icon\"><\/span><\/a>\t\t\t\t\t\t\t\t\t<\/div>\n\t\t\t\t\t\t\t\t\t\t\t\t\t\t\t\t<div class=\"post-entry-content\">\n\t\t\t\t\t\t\t\t\t<h6 class=\"heading\"><a href=\"https:\/\/psgs.agh.edu.pl\/en\/project\/lorem-ipsum-dolor\/\" rel=\"bookmark\" title=\"Katalonia 2014\" class=\"post-title\">Katalonia 2014<\/a><\/h6><p class=\"short-description\">The aim of the next expedition of the Polish Salt Mining Association in 2014 was to learn the geology of evaporite formations,\u2026<\/p><a href=\"https:\/\/psgs.agh.edu.pl\/en\/project\/lorem-ipsum-dolor\/\" target=\"\" aria-label=\"Read more about Katalonia 2014\" class=\"box-button elementor-button elementor-size-sm\">Read more<\/a>\t\t\t\t\t\t\t\t<\/div>\n\t\t\t\t\t\t\t<\/div>\n\t\t\t\t\t\t<\/article>\n\t\t\t\t\t<\/div>\t\t\t\t\t\t\t\t\t\t<div class=\"wf-cell visible\">\n\t\t\t\t\t\t<article class=\"post visible wrapper post-596 dt_portfolio type-dt_portfolio status-publish has-post-thumbnail hentry\">\n\n\t\t\t\t\t\t\t<div class=\"post-content-wrapper\">\n\t\t\t\t\t\t\t\t\t\t\t\t\t\t\t\t\t<div class=\"the7-simple-post-thumb\">\n\t\t\t\t\t\t\t\t\t\t<a class=\"post-thumbnail-rollover layzr-bg img-css-resize-wrapper\" aria-label=\"Post image\" href=\"https:\/\/psgs.agh.edu.pl\/en\/project\/class-aptent-taciti\/\"><img decoding=\"async\" width=\"822\" height=\"462\" src=\"data:image\/svg+xml,%3Csvg%20xmlns%3D&#039;http%3A%2F%2Fwww.w3.org%2F2000%2Fsvg&#039;%20viewBox%3D&#039;0%200%20822%20462&#039;%2F%3E\" class=\"attachment-full size-full preload-me aspect lazy lazy-load\" alt=\"\" sizes=\"(max-width: 822px) 100vw, 822px\" style=\"--ratio: 822 \/ 462;\" data-src=\"https:\/\/psgs.agh.edu.pl\/wp-content\/uploads\/2013\/02\/Dominikana_article.jpg\" loading=\"eager\" data-srcset=\"https:\/\/psgs.agh.edu.pl\/wp-content\/uploads\/2013\/02\/Dominikana_article.jpg 822w, https:\/\/psgs.agh.edu.pl\/wp-content\/uploads\/2013\/02\/Dominikana_article-300x169.jpg 300w, https:\/\/psgs.agh.edu.pl\/wp-content\/uploads\/2013\/02\/Dominikana_article-768x432.jpg 768w, https:\/\/psgs.agh.edu.pl\/wp-content\/uploads\/2013\/02\/Dominikana_article-18x10.jpg 18w\" \/><span class=\"the7-hover-icon\"><\/span><\/a>\t\t\t\t\t\t\t\t\t<\/div>\n\t\t\t\t\t\t\t\t\t\t\t\t\t\t\t\t<div class=\"post-entry-content\">\n\t\t\t\t\t\t\t\t\t<h6 class=\"heading\"><a href=\"https:\/\/psgs.agh.edu.pl\/en\/project\/class-aptent-taciti\/\" rel=\"bookmark\" title=\"Dominikana 2013\" class=\"post-title\">Dominikana 2013<\/a><\/h6><p class=\"short-description\">On 26.11-06.12 2013, the Polish Salt Mining Association (PSGS) organized a scientific expedition to the Dominican Republic.<\/p><a href=\"https:\/\/psgs.agh.edu.pl\/en\/project\/class-aptent-taciti\/\" target=\"\" aria-label=\"Read more about Dominikana 2013\" class=\"box-button elementor-button elementor-size-sm\">Read more<\/a>\t\t\t\t\t\t\t\t<\/div>\n\t\t\t\t\t\t\t<\/div>\n\t\t\t\t\t\t<\/article>\n\t\t\t\t\t<\/div>\t\t\t\t\t\t\t\t\t\t<div class=\"wf-cell visible\">\n\t\t\t\t\t\t<article class=\"post visible wrapper post-591 dt_portfolio type-dt_portfolio status-publish has-post-thumbnail hentry\">\n\n\t\t\t\t\t\t\t<div class=\"post-content-wrapper\">\n\t\t\t\t\t\t\t\t\t\t\t\t\t\t\t\t\t<div class=\"the7-simple-post-thumb\">\n\t\t\t\t\t\t\t\t\t\t<a class=\"post-thumbnail-rollover layzr-bg img-css-resize-wrapper\" aria-label=\"Post image\" href=\"https:\/\/psgs.agh.edu.pl\/en\/project\/morbi-dapibus\/\"><img decoding=\"async\" width=\"673\" height=\"450\" src=\"data:image\/svg+xml,%3Csvg%20xmlns%3D&#039;http%3A%2F%2Fwww.w3.org%2F2000%2Fsvg&#039;%20viewBox%3D&#039;0%200%20673%20450&#039;%2F%3E\" class=\"attachment-full size-full preload-me aspect lazy lazy-load\" alt=\"\" sizes=\"(max-width: 673px) 100vw, 673px\" style=\"--ratio: 673 \/ 450;\" data-src=\"https:\/\/psgs.agh.edu.pl\/wp-content\/uploads\/2011\/02\/pamukkale.jpeg\" loading=\"eager\" data-srcset=\"https:\/\/psgs.agh.edu.pl\/wp-content\/uploads\/2011\/02\/pamukkale.jpeg 673w, https:\/\/psgs.agh.edu.pl\/wp-content\/uploads\/2011\/02\/pamukkale-300x201.jpeg 300w, https:\/\/psgs.agh.edu.pl\/wp-content\/uploads\/2011\/02\/pamukkale-18x12.jpeg 18w\" \/><span class=\"the7-hover-icon\"><\/span><\/a>\t\t\t\t\t\t\t\t\t<\/div>\n\t\t\t\t\t\t\t\t\t\t\t\t\t\t\t\t<div class=\"post-entry-content\">\n\t\t\t\t\t\t\t\t\t<h6 class=\"heading\"><a href=\"https:\/\/psgs.agh.edu.pl\/en\/project\/morbi-dapibus\/\" rel=\"bookmark\" title=\"Turcja 2011\" class=\"post-title\">Turcja 2011<\/a><\/h6><p class=\"short-description\">On 7-14 September 2011, the Polish Salt Mining Association organized the fourth scientific expedition\u2026<\/p><a href=\"https:\/\/psgs.agh.edu.pl\/en\/project\/morbi-dapibus\/\" target=\"\" aria-label=\"Read more about Turcja 2011\" class=\"box-button elementor-button elementor-size-sm\">Read more<\/a>\t\t\t\t\t\t\t\t<\/div>\n\t\t\t\t\t\t\t<\/div>\n\t\t\t\t\t\t<\/article>\n\t\t\t\t\t<\/div>\t\t\t\t\t\t\t\t\t\t<div class=\"wf-cell visible\">\n\t\t\t\t\t\t<article class=\"post visible wrapper post-587 dt_portfolio type-dt_portfolio status-publish has-post-thumbnail hentry\">\n\n\t\t\t\t\t\t\t<div class=\"post-content-wrapper\">\n\t\t\t\t\t\t\t\t\t\t\t\t\t\t\t\t\t<div class=\"the7-simple-post-thumb\">\n\t\t\t\t\t\t\t\t\t\t<a class=\"post-thumbnail-rollover layzr-bg img-css-resize-wrapper\" aria-label=\"Post image\" href=\"https:\/\/psgs.agh.edu.pl\/en\/project\/nulla-glavrida\/\"><img decoding=\"async\" width=\"600\" height=\"418\" src=\"data:image\/svg+xml,%3Csvg%20xmlns%3D&#039;http%3A%2F%2Fwww.w3.org%2F2000%2Fsvg&#039;%20viewBox%3D&#039;0%200%20600%20418&#039;%2F%3E\" class=\"attachment-full size-full preload-me aspect lazy lazy-load\" alt=\"\" sizes=\"(max-width: 600px) 100vw, 600px\" style=\"--ratio: 600 \/ 418;\" data-src=\"https:\/\/psgs.agh.edu.pl\/wp-content\/uploads\/2010\/02\/110-e1680634235566.jpg\" loading=\"eager\" data-srcset=\"https:\/\/psgs.agh.edu.pl\/wp-content\/uploads\/2010\/02\/110-e1680634235566.jpg 600w, https:\/\/psgs.agh.edu.pl\/wp-content\/uploads\/2010\/02\/110-e1680634235566-300x209.jpg 300w, https:\/\/psgs.agh.edu.pl\/wp-content\/uploads\/2010\/02\/110-e1680634235566-18x12.jpg 18w\" \/><span class=\"the7-hover-icon\"><\/span><\/a>\t\t\t\t\t\t\t\t\t<\/div>\n\t\t\t\t\t\t\t\t\t\t\t\t\t\t\t\t<div class=\"post-entry-content\">\n\t\t\t\t\t\t\t\t\t<h6 class=\"heading\"><a href=\"https:\/\/psgs.agh.edu.pl\/en\/project\/nulla-glavrida\/\" rel=\"bookmark\" title=\"Salary Ameryki Po\u0142udniowej 2010\" class=\"post-title\">Salary Ameryki Po\u0142udniowej 2010<\/a><\/h6><p class=\"short-description\">From August 24 to September 17, 2010 The Polish Salt Mining Association organized another, third\u2026<\/p><a href=\"https:\/\/psgs.agh.edu.pl\/en\/project\/nulla-glavrida\/\" target=\"\" aria-label=\"Read more about Salary Ameryki Po\u0142udniowej 2010\" class=\"box-button elementor-button elementor-size-sm\">Read more<\/a>\t\t\t\t\t\t\t\t<\/div>\n\t\t\t\t\t\t\t<\/div>\n\t\t\t\t\t\t<\/article>\n\t\t\t\t\t<\/div>\t\t\t\t\t\t\t\t\t\t<div class=\"wf-cell visible\">\n\t\t\t\t\t\t<article class=\"post visible wrapper post-589 dt_portfolio type-dt_portfolio status-publish has-post-thumbnail hentry\">\n\n\t\t\t\t\t\t\t<div class=\"post-content-wrapper\">\n\t\t\t\t\t\t\t\t\t\t\t\t\t\t\t\t\t<div class=\"the7-simple-post-thumb\">\n\t\t\t\t\t\t\t\t\t\t<a class=\"post-thumbnail-rollover layzr-bg img-css-resize-wrapper\" aria-label=\"Post image\" href=\"https:\/\/psgs.agh.edu.pl\/en\/project\/ipsum-from-dolor-amet\/\"><img decoding=\"async\" width=\"600\" height=\"292\" src=\"data:image\/svg+xml,%3Csvg%20xmlns%3D&#039;http%3A%2F%2Fwww.w3.org%2F2000%2Fsvg&#039;%20viewBox%3D&#039;0%200%20600%20292&#039;%2F%3E\" class=\"attachment-full size-full preload-me aspect lazy lazy-load\" alt=\"\" sizes=\"(max-width: 600px) 100vw, 600px\" style=\"--ratio: 600 \/ 292;\" data-src=\"https:\/\/psgs.agh.edu.pl\/wp-content\/uploads\/2007\/02\/48-e1680634269565.jpg\" loading=\"eager\" data-srcset=\"https:\/\/psgs.agh.edu.pl\/wp-content\/uploads\/2007\/02\/48-e1680634269565.jpg 600w, https:\/\/psgs.agh.edu.pl\/wp-content\/uploads\/2007\/02\/48-e1680634269565-300x146.jpg 300w, https:\/\/psgs.agh.edu.pl\/wp-content\/uploads\/2007\/02\/48-e1680634269565-18x9.jpg 18w\" \/><span class=\"the7-hover-icon\"><\/span><\/a>\t\t\t\t\t\t\t\t\t<\/div>\n\t\t\t\t\t\t\t\t\t\t\t\t\t\t\t\t<div class=\"post-entry-content\">\n\t\t\t\t\t\t\t\t\t<h6 class=\"heading\"><a href=\"https:\/\/psgs.agh.edu.pl\/en\/project\/ipsum-from-dolor-amet\/\" rel=\"bookmark\" title=\"Sycylia 2007\" class=\"post-title\">Sycylia 2007<\/a><\/h6><p class=\"short-description\">The Polish Salt Mining Association organized another expedition on May 26 - June 2, 2007\u2026<\/p><a href=\"https:\/\/psgs.agh.edu.pl\/en\/project\/ipsum-from-dolor-amet\/\" target=\"\" aria-label=\"Read more about Sycylia 2007\" class=\"box-button elementor-button elementor-size-sm\">Read more<\/a>\t\t\t\t\t\t\t\t<\/div>\n\t\t\t\t\t\t\t<\/div>\n\t\t\t\t\t\t<\/article>\n\t\t\t\t\t<\/div>\t\t\t\t\t\t\t\t\t\t<div class=\"wf-cell visible\">\n\t\t\t\t\t\t<article class=\"post visible wrapper post-585 dt_portfolio type-dt_portfolio status-publish has-post-thumbnail hentry\">\n\n\t\t\t\t\t\t\t<div class=\"post-content-wrapper\">\n\t\t\t\t\t\t\t\t\t\t\t\t\t\t\t\t\t<div class=\"the7-simple-post-thumb\">\n\t\t\t\t\t\t\t\t\t\t<a class=\"post-thumbnail-rollover layzr-bg img-css-resize-wrapper\" aria-label=\"Post image\" href=\"https:\/\/psgs.agh.edu.pl\/en\/project\/amet-from-ipsum\/\"><img decoding=\"async\" width=\"700\" height=\"467\" src=\"data:image\/svg+xml,%3Csvg%20xmlns%3D&#039;http%3A%2F%2Fwww.w3.org%2F2000%2Fsvg&#039;%20viewBox%3D&#039;0%200%20700%20467&#039;%2F%3E\" class=\"attachment-full size-full preload-me aspect lazy lazy-load\" alt=\"\" sizes=\"(max-width: 700px) 100vw, 700px\" style=\"--ratio: 700 \/ 467;\" data-src=\"https:\/\/psgs.agh.edu.pl\/wp-content\/uploads\/2006\/02\/kopalnia-wiedzy-morze-martwe-1-kopalnia-soli-wieliczka-700x465-15-02-2019.jpg\" loading=\"eager\" data-srcset=\"https:\/\/psgs.agh.edu.pl\/wp-content\/uploads\/2006\/02\/kopalnia-wiedzy-morze-martwe-1-kopalnia-soli-wieliczka-700x465-15-02-2019.jpg 700w, https:\/\/psgs.agh.edu.pl\/wp-content\/uploads\/2006\/02\/kopalnia-wiedzy-morze-martwe-1-kopalnia-soli-wieliczka-700x465-15-02-2019-300x200.jpg 300w, https:\/\/psgs.agh.edu.pl\/wp-content\/uploads\/2006\/02\/kopalnia-wiedzy-morze-martwe-1-kopalnia-soli-wieliczka-700x465-15-02-2019-18x12.jpg 18w\" \/><span class=\"the7-hover-icon\"><\/span><\/a>\t\t\t\t\t\t\t\t\t<\/div>\n\t\t\t\t\t\t\t\t\t\t\t\t\t\t\t\t<div class=\"post-entry-content\">\n\t\t\t\t\t\t\t\t\t<h6 class=\"heading\"><a href=\"https:\/\/psgs.agh.edu.pl\/en\/project\/amet-from-ipsum\/\" rel=\"bookmark\" title=\"Morze Martwe 2006\" class=\"post-title\">Morze Martwe 2006<\/a><\/h6><p class=\"short-description\">As part of the statutory activities of the Polish Salt Mining Association, a scientific and cognitive expedition was organized to the region of the Sea\u2026<\/p><a href=\"https:\/\/psgs.agh.edu.pl\/en\/project\/amet-from-ipsum\/\" target=\"\" aria-label=\"Read more about Morze Martwe 2006\" class=\"box-button elementor-button elementor-size-sm\">Read more<\/a>\t\t\t\t\t\t\t\t<\/div>\n\t\t\t\t\t\t\t<\/div>\n\t\t\t\t\t\t<\/article>\n\t\t\t\t\t<\/div>\t\t\t\t\t\t\t\t<\/div>\n\t\t<div class=\"paginator filter-decorations paginator-more-button filter-pointer-framed\">\n\t\t\t\t<a class=\"button-load-more highlighted filter-item\" href=\"javascript:void(0);\" data-dt-page=\"1\" ><span class=\"button-caption\">Load more<\/span><\/a>\n\t\t\t<\/div><\/div>\t\t\t\t<\/div>\n\t\t\t\t<\/div>\n\t\t\t\t\t<\/div>\n\t\t<\/div>\n\t\t\t\t\t<\/div>\n\t\t<\/section>\n\t\t\t\t<\/div>","protected":false},"excerpt":{"rendered":"<p>Ka\u017cdego roku Polskie Stowarzyszenie G\u00f3rnictwa Solnego jest organizatorem mi\u0119dzynarodowych wypraw o tematyce solnej. Wyprawy te daj\u0105 mo\u017cliwo\u015b\u0107 poznania zagranicznych technologii wydobywczych, kultury i zwyczaj\u00f3w g\u00f3rnictwa solnego. Ponadto s\u0105 okazj\u0105 do wynagrodzenia cz\u0142onkom stowarzyszenia PSGS trud\u00f3w zwi\u0105zanych z ca\u0142oroczn\u0105 prac\u0105 w organizacji. Wsp\u00f3lne wyjazdy stwarzaj\u0105 sposobno\u015b\u0107 do zacie\u015bnienia wi\u0119zi przyjacielskich, kt\u00f3re pozostaj\u0105 na ca\u0142e lata. MORZE&hellip;<\/p>","protected":false},"author":1,"featured_media":7172,"parent":4042,"menu_order":9,"comment_status":"closed","ping_status":"closed","template":"","meta":{"footnotes":""},"class_list":["post-4052","page","type-page","status-publish","has-post-thumbnail","hentry"],"_links":{"self":[{"href":"https:\/\/psgs.agh.edu.pl\/en\/wp-json\/wp\/v2\/pages\/4052","targetHints":{"allow":["GET"]}}],"collection":[{"href":"https:\/\/psgs.agh.edu.pl\/en\/wp-json\/wp\/v2\/pages"}],"about":[{"href":"https:\/\/psgs.agh.edu.pl\/en\/wp-json\/wp\/v2\/types\/page"}],"author":[{"embeddable":true,"href":"https:\/\/psgs.agh.edu.pl\/en\/wp-json\/wp\/v2\/users\/1"}],"replies":[{"embeddable":true,"href":"https:\/\/psgs.agh.edu.pl\/en\/wp-json\/wp\/v2\/comments?post=4052"}],"version-history":[{"count":11,"href":"https:\/\/psgs.agh.edu.pl\/en\/wp-json\/wp\/v2\/pages\/4052\/revisions"}],"predecessor-version":[{"id":7168,"href":"https:\/\/psgs.agh.edu.pl\/en\/wp-json\/wp\/v2\/pages\/4052\/revisions\/7168"}],"up":[{"embeddable":true,"href":"https:\/\/psgs.agh.edu.pl\/en\/wp-json\/wp\/v2\/pages\/4042"}],"wp:featuredmedia":[{"embeddable":true,"href":"https:\/\/psgs.agh.edu.pl\/en\/wp-json\/wp\/v2\/media\/7172"}],"wp:attachment":[{"href":"https:\/\/psgs.agh.edu.pl\/en\/wp-json\/wp\/v2\/media?parent=4052"}],"curies":[{"name":"wp","href":"https:\/\/api.w.org\/{rel}","templated":true}]}}