{"id":6085,"date":"2023-03-23T09:24:35","date_gmt":"2023-03-23T08:24:35","guid":{"rendered":"http:\/\/localhost\/wordpress\/?page_id=6085"},"modified":"2026-02-25T20:43:51","modified_gmt":"2026-02-25T19:43:51","slug":"czlonkostwo","status":"publish","type":"page","link":"https:\/\/psgs.agh.edu.pl\/en\/o-stowarzyszeniu\/czlonkostwo\/","title":{"rendered":"Membership"},"content":{"rendered":"<div data-elementor-type=\"wp-page\" data-elementor-id=\"6085\" class=\"elementor elementor-6085\" data-elementor-post-type=\"page\">\n\t\t\t\t\t\t<section class=\"elementor-section elementor-top-section elementor-element elementor-element-e768088 elementor-section-boxed elementor-section-height-default elementor-section-height-default\" data-id=\"e768088\" data-element_type=\"section\" data-e-type=\"section\">\n\t\t\t\t\t\t<div class=\"elementor-container elementor-column-gap-default\">\n\t\t\t\t\t<div class=\"elementor-column elementor-col-100 elementor-top-column elementor-element elementor-element-fb2833c\" data-id=\"fb2833c\" data-element_type=\"column\" data-e-type=\"column\">\n\t\t\t<div class=\"elementor-widget-wrap elementor-element-populated\">\n\t\t\t\t\t\t<div class=\"elementor-element elementor-element-8e2755a elementor-widget elementor-widget-text-editor\" data-id=\"8e2755a\" data-element_type=\"widget\" data-e-type=\"widget\" data-widget_type=\"text-editor.default\">\n\t\t\t\t<div class=\"elementor-widget-container\">\n\t\t\t\t\t\t\t\t\t<p style=\"text-align: center;\"><strong><a href=\"https:\/\/psgs.agh.edu.pl\/wp-content\/uploads\/2023\/11\/Deklaracja-czlonkowska-PSGS.pdf\">PSGS Membership Declaration (PDF)<\/a><\/strong><\/p><p style=\"text-align: center;\"><strong><a href=\"https:\/\/psgs.agh.edu.pl\/wp-content\/uploads\/2023\/11\/Deklaracja-nowa.doc\">PSGS Membership Declaration (DOC)<\/a><\/strong><\/p><h3 align=\"center\"><strong>Extract from the Association's Statute:<\/strong><\/h3><p align=\"center\"><strong>\u00a7 14<\/strong><\/p><p class=\"translation-block\">1. An ordinary member may be a natural person with full legal capacity and not deprived of public rights, who submits <strong>a written declaration<\/strong> of joining the Association and obtains <strong>the support of two members of the Association<\/strong>.<\/p><p>2. A supporting member may be a natural or legal person interested in the activities of the Association, who has declared financial or in-kind support for the Association. A legal person acts in the Association through its representative.<\/p><p>3. Ordinary and supporting members are admitted by way of a resolution of the Management Board, based on a written declaration.<\/p><p>4. The Association keeps a register of members.<\/p><p align=\"center\"><strong>\u00a7 15<\/strong><\/p><p>1. Ordinary members have the right to:<\/p><p>1) active and passive electoral rights, participation in voting in person or by proxy,<\/p><p>2) submit opinions and requests to the authorities of the Association regarding the activities of the Association,<\/p><p>3) wear the badge of the Association,<\/p><p>4) use the achievements, property and all forms of the Association's activities,<\/p><p>5) appeal to the General Meeting of Members against the resolution of the Association's Management Board to remove them from the list of members.<\/p><p>2. Ordinary members are obliged to:<\/p><p>1) implement the statutory objectives of the Association,<\/p><p>2) actively participate in the activities of the Association,<\/p><p>3) comply with the statutes, regulations and resolutions<\/p><p>4) authorities of the Association,<\/p><p>5) regular payment of contributions to the Association,<\/p><p>6) care for the good name of the Association.<\/p><p align=\"center\"><strong>\u00a7 36<\/strong><\/p><p>1. The sources of the Association's assets are:<\/p><p>1) entry fees and membership fees,<\/p><p>2) records and inheritances,<\/p><p>3) proceeds from the statutory activities of the Association, income from the property of the Association,<\/p><p>4) subsidies,<\/p><p>5) donations,<\/p><p>6) sponsoring,<\/p><p>7) public collections.<\/p><p>2. Membership fees should be paid by the end of the first quarter of each year to which the fee applies to the account of the Association.<\/p><p>3. The Association conducts financial management and accounting in accordance with applicable regulations.<\/p>\t\t\t\t\t\t\t\t<\/div>\n\t\t\t\t<\/div>\n\t\t\t\t\t<\/div>\n\t\t<\/div>\n\t\t\t\t\t<\/div>\n\t\t<\/section>\n\t\t\t\t<\/div>","protected":false},"excerpt":{"rendered":"<p>Deklaracja cz\u0142onkowska PSGS (PDF) Deklaracja cz\u0142onkowska PSGS (DOC) Wyci\u0105g ze Statutu Stowarzyszenia: \u00a7 14 1. Cz\u0142onkiem zwyczajnym mo\u017ce by\u0107 osoba fizyczna posiadaj\u0105ca pe\u0142n\u0105 zdolno\u015b\u0107 do czynno\u015bci prawnych nie pozbawiona praw publicznych, kt\u00f3ra z\u0142o\u017cy\u00a0pisemn\u0105 deklaracj\u0119\u00a0o przyst\u0105pieniu do Stowarzyszenia i uzyska\u00a0poparcie dw\u00f3ch cz\u0142onk\u00f3w Stowarzyszenia. 2. Cz\u0142onkiem wspieraj\u0105cym mo\u017ce by\u0107 osoba fizyczna i prawna zainteresowana dzia\u0142alno\u015bci\u0105 Stowarzyszenia, kt\u00f3ra&hellip;<\/p>","protected":false},"author":1,"featured_media":7057,"parent":4042,"menu_order":4,"comment_status":"closed","ping_status":"closed","template":"","meta":{"footnotes":""},"class_list":["post-6085","page","type-page","status-publish","has-post-thumbnail","hentry"],"_links":{"self":[{"href":"https:\/\/psgs.agh.edu.pl\/en\/wp-json\/wp\/v2\/pages\/6085","targetHints":{"allow":["GET"]}}],"collection":[{"href":"https:\/\/psgs.agh.edu.pl\/en\/wp-json\/wp\/v2\/pages"}],"about":[{"href":"https:\/\/psgs.agh.edu.pl\/en\/wp-json\/wp\/v2\/types\/page"}],"author":[{"embeddable":true,"href":"https:\/\/psgs.agh.edu.pl\/en\/wp-json\/wp\/v2\/users\/1"}],"replies":[{"embeddable":true,"href":"https:\/\/psgs.agh.edu.pl\/en\/wp-json\/wp\/v2\/comments?post=6085"}],"version-history":[{"count":32,"href":"https:\/\/psgs.agh.edu.pl\/en\/wp-json\/wp\/v2\/pages\/6085\/revisions"}],"predecessor-version":[{"id":8574,"href":"https:\/\/psgs.agh.edu.pl\/en\/wp-json\/wp\/v2\/pages\/6085\/revisions\/8574"}],"up":[{"embeddable":true,"href":"https:\/\/psgs.agh.edu.pl\/en\/wp-json\/wp\/v2\/pages\/4042"}],"wp:featuredmedia":[{"embeddable":true,"href":"https:\/\/psgs.agh.edu.pl\/en\/wp-json\/wp\/v2\/media\/7057"}],"wp:attachment":[{"href":"https:\/\/psgs.agh.edu.pl\/en\/wp-json\/wp\/v2\/media?parent=6085"}],"curies":[{"name":"wp","href":"https:\/\/api.w.org\/{rel}","templated":true}]}}