{"id":6089,"date":"2023-03-23T09:26:10","date_gmt":"2023-03-23T08:26:10","guid":{"rendered":"http:\/\/localhost\/wordpress\/?page_id=6089"},"modified":"2026-02-25T20:51:12","modified_gmt":"2026-02-25T19:51:12","slug":"skladki","status":"publish","type":"page","link":"https:\/\/psgs.agh.edu.pl\/en\/o-stowarzyszeniu\/skladki\/","title":{"rendered":"Membership Fees"},"content":{"rendered":"\t\t<div data-elementor-type=\"wp-page\" data-elementor-id=\"6089\" class=\"elementor elementor-6089\" data-elementor-post-type=\"page\">\n\t\t\t\t\t\t<section class=\"elementor-section elementor-top-section elementor-element elementor-element-db0803b elementor-section-boxed elementor-section-height-default elementor-section-height-default\" data-id=\"db0803b\" data-element_type=\"section\" data-e-type=\"section\">\n\t\t\t\t\t\t<div class=\"elementor-container elementor-column-gap-default\">\n\t\t\t\t\t<div class=\"elementor-column elementor-col-100 elementor-top-column elementor-element elementor-element-454a6fa\" data-id=\"454a6fa\" data-element_type=\"column\" data-e-type=\"column\">\n\t\t\t<div class=\"elementor-widget-wrap elementor-element-populated\">\n\t\t\t\t\t\t<div class=\"elementor-element elementor-element-202fff9 elementor-widget elementor-widget-text-editor\" data-id=\"202fff9\" data-element_type=\"widget\" data-e-type=\"widget\" data-widget_type=\"text-editor.default\">\n\t\t\t\t<div class=\"elementor-widget-container\">\n\t\t\t\t\t\t\t\t\t<blockquote><p style=\"text-align: center;\">Obecnie sk\u0142adka cz\u0142onkowska wynosi <strong>150 z\u0142<\/strong>. Op\u0142at\u0119 mo\u017cna dokona\u0107 na konto PSGS:<br \/>Bank Pekao S.A. nr konta 67 1240 4533 1111 0000 5423 9786<br \/>tytu\u0142 przelewu: &#8222;Sk\u0142adka cz\u0142onkowska [NAZWISKO], [OP\u0141ACANE LATA]&#8221;<\/p><\/blockquote><p style=\"text-align: center;\"><em><strong>UCHWA\u0141A nr 12<\/strong><\/em><\/p><p style=\"text-align: center;\"><em>Walnego Zebrania Cz\u0142onk\u00f3w Polskiego Stowarzyszenia G\u00f3rnictwa Solnego z dnia<\/em><br \/><em>1 pa\u017adziernika 2021 r. w sprawie ustalenia wysoko\u015bci sk\u0142adki cz\u0142onkowskiej.<\/em><\/p><p style=\"text-align: center;\"><em>\u00a7 1<\/em><\/p><p style=\"text-align: center;\"><em>Zwyczajne Sprawozdawczo-Wyborcze Walne Zebranie Cz\u0142onk\u00f3w Polskiego Stowarzyszenia<\/em><br \/><em>G\u00f3rnictwa Solnego, stosownie do \u00a7 24 pkt 10) Statutu PSGS, ustala wysoko\u015b\u0107 rocznej sk\u0142adki<\/em><br \/><em>cz\u0142onkowskiej w kwocie 150 z\u0142 (s\u0142ownie: sto pi\u0119\u0107dziesi\u0105t z\u0142otych), pocz\u0105wszy od dnia<\/em><br \/><em>1 stycznia 2022 r.<\/em><\/p><p style=\"text-align: center;\"><em>\u00a7 2<\/em><\/p><p style=\"text-align: center;\"><em>Uchwa\u0142\u0119 podj\u0119to w g\u0142osowaniu jawnym.<\/em><\/p><p style=\"text-align: center;\"><em>\u00a7 3<\/em><\/p><p style=\"text-align: center;\"><em>Uchwa\u0142a obowi\u0105zuje z dniem podj\u0119cia.<\/em><br \/><em>W g\u0142osowaniu nad uchwa\u0142\u0105 oddano g\u0142os\u00f3w:<\/em><br \/><em>za uchwa\u0142\u0105 &#8211; 49\u00a0<\/em><br \/><em>przeciw uchwale &#8211; 0\u00a0<\/em><br \/><em>wstrzymuj\u0105cych si\u0119 &#8211; 0\u00a0<\/em><\/p>\t\t\t\t\t\t\t\t<\/div>\n\t\t\t\t<\/div>\n\t\t\t\t\t<\/div>\n\t\t<\/div>\n\t\t\t\t\t<\/div>\n\t\t<\/section>\n\t\t\t\t<\/div>\n\t\t","protected":false},"excerpt":{"rendered":"<p>Obecnie sk\u0142adka cz\u0142onkowska wynosi 150 z\u0142. Op\u0142at\u0119 mo\u017cna dokona\u0107 na konto PSGS:Bank Pekao S.A. nr konta 67 1240 4533 1111 0000 5423 9786tytu\u0142 przelewu: &#8222;Sk\u0142adka cz\u0142onkowska [NAZWISKO], [OP\u0141ACANE LATA]&#8221; UCHWA\u0141A nr 12 Walnego Zebrania Cz\u0142onk\u00f3w Polskiego Stowarzyszenia G\u00f3rnictwa Solnego z dnia1 pa\u017adziernika 2021 r. w sprawie ustalenia wysoko\u015bci sk\u0142adki cz\u0142onkowskiej. \u00a7 1 Zwyczajne Sprawozdawczo-Wyborcze Walne&hellip;<\/p>\n","protected":false},"author":1,"featured_media":7165,"parent":4042,"menu_order":6,"comment_status":"closed","ping_status":"closed","template":"","meta":{"footnotes":""},"class_list":["post-6089","page","type-page","status-publish","has-post-thumbnail","hentry"],"_links":{"self":[{"href":"https:\/\/psgs.agh.edu.pl\/en\/wp-json\/wp\/v2\/pages\/6089","targetHints":{"allow":["GET"]}}],"collection":[{"href":"https:\/\/psgs.agh.edu.pl\/en\/wp-json\/wp\/v2\/pages"}],"about":[{"href":"https:\/\/psgs.agh.edu.pl\/en\/wp-json\/wp\/v2\/types\/page"}],"author":[{"embeddable":true,"href":"https:\/\/psgs.agh.edu.pl\/en\/wp-json\/wp\/v2\/users\/1"}],"replies":[{"embeddable":true,"href":"https:\/\/psgs.agh.edu.pl\/en\/wp-json\/wp\/v2\/comments?post=6089"}],"version-history":[{"count":14,"href":"https:\/\/psgs.agh.edu.pl\/en\/wp-json\/wp\/v2\/pages\/6089\/revisions"}],"predecessor-version":[{"id":8589,"href":"https:\/\/psgs.agh.edu.pl\/en\/wp-json\/wp\/v2\/pages\/6089\/revisions\/8589"}],"up":[{"embeddable":true,"href":"https:\/\/psgs.agh.edu.pl\/en\/wp-json\/wp\/v2\/pages\/4042"}],"wp:featuredmedia":[{"embeddable":true,"href":"https:\/\/psgs.agh.edu.pl\/en\/wp-json\/wp\/v2\/media\/7165"}],"wp:attachment":[{"href":"https:\/\/psgs.agh.edu.pl\/en\/wp-json\/wp\/v2\/media?parent=6089"}],"curies":[{"name":"wp","href":"https:\/\/api.w.org\/{rel}","templated":true}]}}