{"id":7188,"date":"2023-04-04T18:44:08","date_gmt":"2023-04-04T16:44:08","guid":{"rendered":"http:\/\/localhost\/wordpress\/?page_id=7188"},"modified":"2026-02-25T20:57:17","modified_gmt":"2026-02-25T19:57:17","slug":"lista-recenzentow","status":"publish","type":"page","link":"https:\/\/psgs.agh.edu.pl\/en\/przeglad-solny\/lista-recenzentow\/","title":{"rendered":"Referees list"},"content":{"rendered":"<div data-elementor-type=\"wp-page\" data-elementor-id=\"7188\" class=\"elementor elementor-7188\" data-elementor-post-type=\"page\">\n\t\t\t\t\t\t<section class=\"elementor-section elementor-top-section elementor-element elementor-element-9190fc4 elementor-section-boxed elementor-section-height-default elementor-section-height-default\" data-id=\"9190fc4\" data-element_type=\"section\" data-e-type=\"section\">\n\t\t\t\t\t\t<div class=\"elementor-container elementor-column-gap-default\">\n\t\t\t\t\t<div class=\"elementor-column elementor-col-100 elementor-top-column elementor-element elementor-element-e9e2b3c\" data-id=\"e9e2b3c\" data-element_type=\"column\" data-e-type=\"column\">\n\t\t\t<div class=\"elementor-widget-wrap elementor-element-populated\">\n\t\t\t\t\t\t<div class=\"elementor-element elementor-element-ca964be elementor-widget elementor-widget-heading\" data-id=\"ca964be\" data-element_type=\"widget\" data-e-type=\"widget\" data-widget_type=\"heading.default\">\n\t\t\t\t<div class=\"elementor-widget-container\">\n\t\t\t\t\t<h2 class=\"elementor-heading-title elementor-size-default\">Referees of Salt Review\u00a0<\/h2>\t\t\t\t<\/div>\n\t\t\t\t<\/div>\n\t\t\t\t\t<\/div>\n\t\t<\/div>\n\t\t\t\t\t<\/div>\n\t\t<\/section>\n\t\t\t\t<section class=\"elementor-section elementor-top-section elementor-element elementor-element-ebdd146 elementor-section-boxed elementor-section-height-default elementor-section-height-default\" data-id=\"ebdd146\" data-element_type=\"section\" data-e-type=\"section\">\n\t\t\t\t\t\t<div class=\"elementor-container elementor-column-gap-default\">\n\t\t\t\t\t<div class=\"elementor-column elementor-col-100 elementor-top-column elementor-element elementor-element-9973322\" data-id=\"9973322\" data-element_type=\"column\" data-e-type=\"column\">\n\t\t\t<div class=\"elementor-widget-wrap elementor-element-populated\">\n\t\t\t\t\t\t<div class=\"elementor-element elementor-element-fcc132d elementor-widget elementor-widget-text-editor\" data-id=\"fcc132d\" data-element_type=\"widget\" data-e-type=\"widget\" data-widget_type=\"text-editor.default\">\n\t\t\t\t<div class=\"elementor-widget-container\">\n\t\t\t\t\t\t\t\t\t<p style=\"text-align: center;\">\u00a0<\/p><p style=\"text-align: center;\">Stanis\u0142aw Bra\u0144ka (OBRGSChem Chemkop)<\/p><p style=\"text-align: center;\">Krzysztof Bukowski (AGH)<\/p><p style=\"text-align: center;\">Grzegorz Czapowski (PIG-PIB Warszawa)<\/p><p style=\"text-align: center;\">Aleksander Garlicki (AGH)<\/p><p style=\"text-align: center;\">Gra\u017cyna Ho\u0142ojuch (GSMiE PAN)<\/p><p style=\"text-align: center;\">Grzegorz Kortas (IMG PAN)<\/p><p style=\"text-align: center;\">Andrzej Maciejewski (OBR GSChem Chemkop)<\/p><p style=\"text-align: center;\">Agnieszka Maj (IMG PAN)<\/p><p style=\"text-align: center;\">Jacek Motyka (AGH)<\/p><p style=\"text-align: center;\">Lucyna Natkaniec-Nowak (AGH)<\/p><p style=\"text-align: center;\">Maciej Pawlikowski (AGH)<\/p><p style=\"text-align: center;\">Katarzyna Poborska\u2013M\u0142ynarska (AGH)<\/p><p style=\"text-align: center;\">S\u0142awomir Porzucek (AGH)<\/p><p style=\"text-align: center;\">Sylwia Tomecka-Sucho\u0144 (AGH)<\/p><p style=\"text-align: center;\">Tomasz Tobo\u0142a (AGH)<\/p><p style=\"text-align: center;\">Jacek Wachowiak (PSGS, Geosalt)<\/p>\t\t\t\t\t\t\t\t<\/div>\n\t\t\t\t<\/div>\n\t\t\t\t\t<\/div>\n\t\t<\/div>\n\t\t\t\t\t<\/div>\n\t\t<\/section>\n\t\t\t\t<\/div>","protected":false},"excerpt":{"rendered":"<p>Recenzenci Przegl\u0105du Solnego\u00a0 \u00a0 Stanis\u0142aw Bra\u0144ka (OBRGSChem Chemkop) Krzysztof Bukowski (AGH) Grzegorz Czapowski (PIG-PIB Warszawa) Aleksander Garlicki (AGH) Gra\u017cyna Ho\u0142ojuch (GSMiE PAN) Grzegorz Kortas (IMG PAN) Andrzej Maciejewski (OBR GSChem Chemkop) Agnieszka Maj (IMG PAN) Jacek Motyka (AGH) Lucyna Natkaniec-Nowak (AGH) Maciej Pawlikowski (AGH) Katarzyna Poborska\u2013M\u0142ynarska (AGH) S\u0142awomir Porzucek (AGH) Sylwia Tomecka-Sucho\u0144 (AGH) Tomasz Tobo\u0142a&hellip;<\/p>","protected":false},"author":1,"featured_media":5846,"parent":993,"menu_order":3,"comment_status":"closed","ping_status":"closed","template":"","meta":{"footnotes":""},"class_list":["post-7188","page","type-page","status-publish","has-post-thumbnail","hentry"],"_links":{"self":[{"href":"https:\/\/psgs.agh.edu.pl\/en\/wp-json\/wp\/v2\/pages\/7188","targetHints":{"allow":["GET"]}}],"collection":[{"href":"https:\/\/psgs.agh.edu.pl\/en\/wp-json\/wp\/v2\/pages"}],"about":[{"href":"https:\/\/psgs.agh.edu.pl\/en\/wp-json\/wp\/v2\/types\/page"}],"author":[{"embeddable":true,"href":"https:\/\/psgs.agh.edu.pl\/en\/wp-json\/wp\/v2\/users\/1"}],"replies":[{"embeddable":true,"href":"https:\/\/psgs.agh.edu.pl\/en\/wp-json\/wp\/v2\/comments?post=7188"}],"version-history":[{"count":14,"href":"https:\/\/psgs.agh.edu.pl\/en\/wp-json\/wp\/v2\/pages\/7188\/revisions"}],"predecessor-version":[{"id":8595,"href":"https:\/\/psgs.agh.edu.pl\/en\/wp-json\/wp\/v2\/pages\/7188\/revisions\/8595"}],"up":[{"embeddable":true,"href":"https:\/\/psgs.agh.edu.pl\/en\/wp-json\/wp\/v2\/pages\/993"}],"wp:featuredmedia":[{"embeddable":true,"href":"https:\/\/psgs.agh.edu.pl\/en\/wp-json\/wp\/v2\/media\/5846"}],"wp:attachment":[{"href":"https:\/\/psgs.agh.edu.pl\/en\/wp-json\/wp\/v2\/media?parent=7188"}],"curies":[{"name":"wp","href":"https:\/\/api.w.org\/{rel}","templated":true}]}}