{"id":7190,"date":"2023-04-04T18:44:29","date_gmt":"2023-04-04T16:44:29","guid":{"rendered":"http:\/\/localhost\/wordpress\/?page_id=7190"},"modified":"2026-02-25T20:58:05","modified_gmt":"2026-02-25T19:58:05","slug":"redakcja","status":"publish","type":"page","link":"https:\/\/psgs.agh.edu.pl\/en\/przeglad-solny\/redakcja\/","title":{"rendered":"Editorial board"},"content":{"rendered":"<div data-elementor-type=\"wp-page\" data-elementor-id=\"7190\" class=\"elementor elementor-7190\" data-elementor-post-type=\"page\">\n\t\t\t\t\t\t<section class=\"elementor-section elementor-top-section elementor-element elementor-element-d76b75c elementor-section-boxed elementor-section-height-default elementor-section-height-default\" data-id=\"d76b75c\" data-element_type=\"section\" data-e-type=\"section\">\n\t\t\t\t\t\t<div class=\"elementor-container elementor-column-gap-default\">\n\t\t\t\t\t<div class=\"elementor-column elementor-col-100 elementor-top-column elementor-element elementor-element-6fa9bad\" data-id=\"6fa9bad\" data-element_type=\"column\" data-e-type=\"column\">\n\t\t\t<div class=\"elementor-widget-wrap elementor-element-populated\">\n\t\t\t\t\t\t<div class=\"elementor-element elementor-element-dfded65 elementor-widget elementor-widget-text-editor\" data-id=\"dfded65\" data-element_type=\"widget\" data-e-type=\"widget\" data-widget_type=\"text-editor.default\">\n\t\t\t\t<div class=\"elementor-widget-container\">\n\t\t\t\t\t\t\t\t\t<h3 style=\"text-align: center;\"><strong>Publisher<\/strong><\/h3><p style=\"text-align: center;\">Polskie Stowarzyszenie G\u00f3rnictwa Solnego<br \/>Al. Mickiewicza 30\/A-0\/129, 30-059 Krak\u00f3w<br \/>tel. +48 608 685 946, e-mail: psgs@agh.edu.pl\u00a0<\/p><h3 style=\"text-align: center;\"><strong>Editorial committee<\/strong><\/h3><p style=\"text-align: center;\">Wac\u0142aw Andrusikiewicz <span style=\"text-align: center;\">\u2013 editor-in-chief (psgs@agh.edu.pl)<\/span><\/p><p style=\"text-align: center;\">Krzysztof Pola\u0144ski, AGH \u2013 secretary (polanski@agh.edu.pl )<br \/>Katarzyna Cyran, AGH \u2013 co-editor (kcyran@agh.edu.pl)\u00a0<br \/>Joanna Jaworska, UAM \u2013 co-editor (veronika@amu.edu.pl)<\/p>\t\t\t\t\t\t\t\t<\/div>\n\t\t\t\t<\/div>\n\t\t\t\t\t<\/div>\n\t\t<\/div>\n\t\t\t\t\t<\/div>\n\t\t<\/section>\n\t\t\t\t<\/div>","protected":false},"excerpt":{"rendered":"<p>Wydawca Polskie Stowarzyszenie G\u00f3rnictwa SolnegoAl. Mickiewicza 30\/A-0\/129, 30-059 Krak\u00f3wtel. +48 608 685 946, e-mail: psgs@agh.edu.pl\u00a0 Zesp\u00f3\u0142 redakcyjny Wac\u0142aw Andrusikiewicz \u2013 redaktor naczelny (psgs@agh.edu.pl) Krzysztof Pola\u0144ski, AGH \u2013 sekretarz (polanski@agh.edu.pl )Katarzyna Cyran, AGH \u2013 redaktor (kcyran@agh.edu.pl)\u00a0Joanna Jaworska, UAM \u2013 redaktor (veronika@amu.edu.pl)<\/p>","protected":false},"author":1,"featured_media":7226,"parent":993,"menu_order":4,"comment_status":"closed","ping_status":"closed","template":"","meta":{"footnotes":""},"class_list":["post-7190","page","type-page","status-publish","has-post-thumbnail","hentry"],"_links":{"self":[{"href":"https:\/\/psgs.agh.edu.pl\/en\/wp-json\/wp\/v2\/pages\/7190","targetHints":{"allow":["GET"]}}],"collection":[{"href":"https:\/\/psgs.agh.edu.pl\/en\/wp-json\/wp\/v2\/pages"}],"about":[{"href":"https:\/\/psgs.agh.edu.pl\/en\/wp-json\/wp\/v2\/types\/page"}],"author":[{"embeddable":true,"href":"https:\/\/psgs.agh.edu.pl\/en\/wp-json\/wp\/v2\/users\/1"}],"replies":[{"embeddable":true,"href":"https:\/\/psgs.agh.edu.pl\/en\/wp-json\/wp\/v2\/comments?post=7190"}],"version-history":[{"count":35,"href":"https:\/\/psgs.agh.edu.pl\/en\/wp-json\/wp\/v2\/pages\/7190\/revisions"}],"predecessor-version":[{"id":8598,"href":"https:\/\/psgs.agh.edu.pl\/en\/wp-json\/wp\/v2\/pages\/7190\/revisions\/8598"}],"up":[{"embeddable":true,"href":"https:\/\/psgs.agh.edu.pl\/en\/wp-json\/wp\/v2\/pages\/993"}],"wp:featuredmedia":[{"embeddable":true,"href":"https:\/\/psgs.agh.edu.pl\/en\/wp-json\/wp\/v2\/media\/7226"}],"wp:attachment":[{"href":"https:\/\/psgs.agh.edu.pl\/en\/wp-json\/wp\/v2\/media?parent=7190"}],"curies":[{"name":"wp","href":"https:\/\/api.w.org\/{rel}","templated":true}]}}