{"id":7793,"date":"2024-05-06T17:01:13","date_gmt":"2024-05-06T15:01:13","guid":{"rendered":"http:\/\/psgs.agh.edu.pl\/?page_id=7793"},"modified":"2024-10-10T19:40:35","modified_gmt":"2024-10-10T17:40:35","slug":"xxviii-miedzynarodowe-sympozjum-solne-quo-vadis-sal","status":"publish","type":"page","link":"https:\/\/psgs.agh.edu.pl\/en\/xxviii-miedzynarodowe-sympozjum-solne-quo-vadis-sal\/","title":{"rendered":"XXVIII International Salt Symposium \"Quo Vadis Sal\""},"content":{"rendered":"<div data-elementor-type=\"wp-page\" data-elementor-id=\"7793\" class=\"elementor elementor-7793\" data-elementor-post-type=\"page\">\n\t\t\t\t\t\t<section class=\"elementor-section elementor-top-section elementor-element elementor-element-8413806 elementor-section-boxed elementor-section-height-default elementor-section-height-default\" data-id=\"8413806\" data-element_type=\"section\" data-e-type=\"section\">\n\t\t\t\t\t\t<div class=\"elementor-container elementor-column-gap-default\">\n\t\t\t\t\t<div class=\"elementor-column elementor-col-100 elementor-top-column elementor-element elementor-element-c0efefb\" data-id=\"c0efefb\" data-element_type=\"column\" data-e-type=\"column\">\n\t\t\t<div class=\"elementor-widget-wrap elementor-element-populated\">\n\t\t\t\t\t\t<div class=\"elementor-element elementor-element-2941144 elementor-widget elementor-widget-image\" data-id=\"2941144\" data-element_type=\"widget\" data-e-type=\"widget\" data-widget_type=\"image.default\">\n\t\t\t\t<div class=\"elementor-widget-container\">\n\t\t\t\t\t\t\t\t\t\t\t\t\t\t\t<img fetchpriority=\"high\" decoding=\"async\" width=\"1086\" height=\"1536\" src=\"https:\/\/psgs.agh.edu.pl\/wp-content\/uploads\/2024\/10\/ZAPROSZENIE-2024-net-pl-1086x1536.jpg\" class=\"attachment-1536x1536 size-1536x1536 wp-image-7995\" alt=\"\" srcset=\"https:\/\/psgs.agh.edu.pl\/wp-content\/uploads\/2024\/10\/ZAPROSZENIE-2024-net-pl-1086x1536.jpg 1086w, https:\/\/psgs.agh.edu.pl\/wp-content\/uploads\/2024\/10\/ZAPROSZENIE-2024-net-pl-212x300.jpg 212w, https:\/\/psgs.agh.edu.pl\/wp-content\/uploads\/2024\/10\/ZAPROSZENIE-2024-net-pl-724x1024.jpg 724w, https:\/\/psgs.agh.edu.pl\/wp-content\/uploads\/2024\/10\/ZAPROSZENIE-2024-net-pl-768x1086.jpg 768w, https:\/\/psgs.agh.edu.pl\/wp-content\/uploads\/2024\/10\/ZAPROSZENIE-2024-net-pl-1448x2048.jpg 1448w, https:\/\/psgs.agh.edu.pl\/wp-content\/uploads\/2024\/10\/ZAPROSZENIE-2024-net-pl-8x12.jpg 8w, https:\/\/psgs.agh.edu.pl\/wp-content\/uploads\/2024\/10\/ZAPROSZENIE-2024-net-pl-scaled.jpg 1811w\" sizes=\"(max-width: 1086px) 100vw, 1086px\" \/>\t\t\t\t\t\t\t\t\t\t\t\t\t\t\t<\/div>\n\t\t\t\t<\/div>\n\t\t\t\t\t<\/div>\n\t\t<\/div>\n\t\t\t\t\t<\/div>\n\t\t<\/section>\n\t\t\t\t<section class=\"elementor-section elementor-top-section elementor-element elementor-element-996d116 elementor-section-boxed elementor-section-height-default elementor-section-height-default\" data-id=\"996d116\" data-element_type=\"section\" data-e-type=\"section\">\n\t\t\t\t\t\t<div class=\"elementor-container elementor-column-gap-default\">\n\t\t\t\t\t<div class=\"elementor-column elementor-col-100 elementor-top-column elementor-element elementor-element-0ad55c0\" data-id=\"0ad55c0\" data-element_type=\"column\" data-e-type=\"column\">\n\t\t\t<div class=\"elementor-widget-wrap elementor-element-populated\">\n\t\t\t\t\t\t<div class=\"elementor-element elementor-element-bf4eebb elementor-widget elementor-widget-text-editor\" data-id=\"bf4eebb\" data-element_type=\"widget\" data-e-type=\"widget\" data-widget_type=\"text-editor.default\">\n\t\t\t\t<div class=\"elementor-widget-container\">\n\t\t\t\t\t\t\t\t\t<p><strong>\u00a0<\/strong><\/p><p style=\"text-align: center;\"><strong style=\"color: #008000;\">XXVIII INTERNATIONAL SALT SYMPOSIUM <\/strong><\/p><p style=\"text-align: center;\"><strong style=\"color: #008000;\">QUO VADIS SAL 2024 <\/strong><\/p><p><strong>Dear Sir\/Madam,<\/strong><\/p><p style=\"text-align: left;\" class=\"translation-block\">The Polish Salt Mining Association (PSMA), along with the Wieliczka Salt Mine S.A., cordially invite you to participate in the XXVIII International Salt Symposium \"Quo Vadis Sal,\" which will take place between 16-18 October 2024, at the Wieliczka Salt Mine.<\/p><p style=\"text-align: left;\"><strong>Title of the Symposium:<\/strong>\u00a0<\/p><p style=\"text-align: left;\"><span style=\"color: #008000;\"><strong>The Role of Salt in Poland and Europe in the Age of Geopolitical Crisis<\/strong><\/span><\/p><p style=\"text-align: left;\"><strong>I. Symposium Topics<\/strong><\/p><p style=\"text-align: left;\"><strong>Leading topics:<\/strong><\/p><ul style=\"text-align: left;\"><li>Salt and energy security \u2013 hydrocarbon storage in salt cavern.<\/li><li>Green energy \u2013 hydrogen and air storage in salt deposits.<\/li><li>Salt and nuclear energy: safe waste disposal.<\/li><\/ul><p style=\"text-align: left;\"><strong>Other topics:<\/strong><\/p><ul style=\"text-align: left;\"><li>Potassium-magnesium salts \u2013 national and global potential.<\/li><li>Classical and present-day salt-deposit research techniques<\/li><li>Geological mining and environmental hazards in salt deposit exploitation.<\/li><li>Underground salt mines as testimonies of salt mining traditions in Poland and abroad<\/li><\/ul><p><strong>II. Forms of Presentations<\/strong><\/p><ul style=\"text-align: left;\"><li>Conference Paper (up to 15 minutes + discussion)<\/li><li>Announcement (up to 5 minutes)<\/li><li>Poster (119 x 84 cm; A-0 format)<\/li><\/ul><p style=\"text-align: left;\"><strong>\u00a0<\/strong><\/p><p style=\"text-align: left;\" class=\"translation-block\">Presentations should be prepared and submitted as extended abstracts (3-5 pages with illustrations, text in Microsoft Word, 12, without formatting) or complete articles, strictly according to the instructions for authors available on the PSMA website under the \"Salt Review\" tab, and sent to:<\/p><p style=\"text-align: left;\"><a href=\"mailto:sympozjumsolne@gmail.com\"><strong>sympozjumsolne@gmail.com<\/strong><\/a><\/p><p style=\"text-align: left;\" class=\"translation-block\">Articles and abstracts (as short papers) will be published in the Salt Review 2024.<\/p><p style=\"text-align: left;\"><strong>Important Dates:<\/strong><\/p><p style=\"text-align: left;\" class=\"translation-block\">By 31 July 2024 \u2013 Submission of presentations and extended abstracts (2-3 pages) or full articles.<\/p><p style=\"text-align: left;\" class=\"translation-block\">By 31 August 2024 \u2013 Registration for the Symposium and payment of the conference fee.<\/p><p style=\"text-align: left;\"><strong>\u00a0<\/strong><\/p><p class=\"translation-block\"><strong>IV. Symposium Fees<\/strong><\/p><ul style=\"text-align: left;\"><li class=\"translation-block\">350 EUR \u2013 standard fee.<\/li><li class=\"translation-block\">175 EUR \u2013 for one person presenting a paper (or team member) provided the timely submission of the article or extended abstract (short papers) to the Salt Review.<\/li><li class=\"translation-block\">175 EUR \u2013 for one person presenting a paper (or team member) provided the timely submission of the article or extended abstract (short papers) to the Salt Review.<\/li><li class=\"translation-block\">140 EUR \u2013 for students and PSMA members awarded the Association's Gold Badge<\/li><li><u>Participants from Ukraine: exempted<\/u><\/li><\/ul><p style=\"text-align: left;\"><strong>\u00a0<\/strong><\/p><p style=\"text-align: left;\" class=\"translation-block\">The fee includes services, conference materials, participation in paper sessions, coffee breaks, two lunches, two gala dinners, and a field trip<\/p><p style=\"text-align: left;\">Fees are payable to the following Bank Account:<\/p><p style=\"text-align: left;\"><strong>PL 67 1240 4533 1111 0000 5423 9786 <\/strong><strong>67 1240 4533 1111 0000 5423 9786<\/strong><\/p><p style=\"text-align: left;\" class=\"translation-block\">with the title: \"Salt Symposium 2024 + surname\"<\/p><p><strong>V. Participation Declarations<\/strong><\/p><p style=\"text-align: left;\" class=\"translation-block\">Registration for the Symposium should be done exclusively electronically through the form available on the PSMA website: www.psgs.agh.edu.pl<\/p><p class=\"translation-block\">Symposium Venue \u2013 Wieliczka Salt Mine<\/p><p style=\"text-align: left;\"><strong>\u00a0<\/strong><\/p><p style=\"text-align: left;\"><strong>Accommodation<\/strong><strong> \u2013 <\/strong>polecana oferta noclegowa z cenami zostanie przes\u0142ana Pa\u0144stwu w najbli\u017cszych dniach<\/p><p style=\"text-align: left;\"><strong>\u00a0<\/strong><\/p><p style=\"text-align: left;\"><strong>Contact with Organizers:<\/strong><\/p><ul style=\"text-align: left;\"><li><strong>E-mail: <\/strong><a href=\"mailto:sypozjumsolne@gmail.com\"><strong>sypozjumsolne@gmail.com<\/strong><\/a><\/li><li>For urgent matters, phone: +48 608685946 (President of PSMA Secretariat)<\/li><li class=\"translation-block\">Information, registration forms, and updates are\/will be posted on the website: www.psgs.agh.edu.pl<\/li><\/ul><p style=\"text-align: left;\"><strong>Best regards,<\/strong><\/p><p style=\"text-align: left;\"><strong>Dr in\u017c. Jacek Wachowiak<\/strong><\/p><p style=\"text-align: left;\"><strong><img decoding=\"async\" class=\"alignnone wp-image-7871\" src=\"https:\/\/psgs.agh.edu.pl\/wp-content\/uploads\/2024\/06\/podpis-296x300.jpg\" alt=\"\" width=\"81\" height=\"82\" srcset=\"https:\/\/psgs.agh.edu.pl\/wp-content\/uploads\/2024\/06\/podpis-296x300.jpg 296w, https:\/\/psgs.agh.edu.pl\/wp-content\/uploads\/2024\/06\/podpis-1012x1024.jpg 1012w, https:\/\/psgs.agh.edu.pl\/wp-content\/uploads\/2024\/06\/podpis-150x150.jpg 150w, https:\/\/psgs.agh.edu.pl\/wp-content\/uploads\/2024\/06\/podpis-768x777.jpg 768w, https:\/\/psgs.agh.edu.pl\/wp-content\/uploads\/2024\/06\/podpis-12x12.jpg 12w, https:\/\/psgs.agh.edu.pl\/wp-content\/uploads\/2024\/06\/podpis.jpg 1092w\" sizes=\"(max-width: 81px) 100vw, 81px\" \/><\/strong><\/p><p style=\"text-align: left;\">President of the PSGS<\/p><p style=\"text-align: left;\">The Symposium Organizer<\/p>\t\t\t\t\t\t\t\t<\/div>\n\t\t\t\t<\/div>\n\t\t\t\t\t<\/div>\n\t\t<\/div>\n\t\t\t\t\t<\/div>\n\t\t<\/section>\n\t\t\t\t<\/div>","protected":false},"excerpt":{"rendered":"<p>\u00a0 XXVIII MI\u0118DZYNARODOWE SYMPOZJUM SOLNE QUO VADIS SAL 2024 Szanowni Pa\u0144stwo Polskie Stowarzyszenie G\u00f3rnictwa Solnego wraz z Kopalni\u0105 Soli Wieliczka S.A. serdecznie zapraszaj\u0105 do udzia\u0142u w XXVIII Mi\u0119dzynarodowym Sympozjum Solnym \u00a0\u201eQuo Vadis Sal\u201d, kt\u00f3re odb\u0119dzie si\u0119 w dniach \u00a016 &#8211; 18 pa\u017adziernika 2024 r. w kopalni soli w Wieliczce. Tytu\u0142 Sympozjum:\u00a0 Rola soli w Polsce&hellip;<\/p>","protected":false},"author":1,"featured_media":7861,"parent":0,"menu_order":0,"comment_status":"closed","ping_status":"closed","template":"","meta":{"footnotes":""},"class_list":["post-7793","page","type-page","status-publish","has-post-thumbnail","hentry"],"_links":{"self":[{"href":"https:\/\/psgs.agh.edu.pl\/en\/wp-json\/wp\/v2\/pages\/7793","targetHints":{"allow":["GET"]}}],"collection":[{"href":"https:\/\/psgs.agh.edu.pl\/en\/wp-json\/wp\/v2\/pages"}],"about":[{"href":"https:\/\/psgs.agh.edu.pl\/en\/wp-json\/wp\/v2\/types\/page"}],"author":[{"embeddable":true,"href":"https:\/\/psgs.agh.edu.pl\/en\/wp-json\/wp\/v2\/users\/1"}],"replies":[{"embeddable":true,"href":"https:\/\/psgs.agh.edu.pl\/en\/wp-json\/wp\/v2\/comments?post=7793"}],"version-history":[{"count":37,"href":"https:\/\/psgs.agh.edu.pl\/en\/wp-json\/wp\/v2\/pages\/7793\/revisions"}],"predecessor-version":[{"id":7998,"href":"https:\/\/psgs.agh.edu.pl\/en\/wp-json\/wp\/v2\/pages\/7793\/revisions\/7998"}],"wp:featuredmedia":[{"embeddable":true,"href":"https:\/\/psgs.agh.edu.pl\/en\/wp-json\/wp\/v2\/media\/7861"}],"wp:attachment":[{"href":"https:\/\/psgs.agh.edu.pl\/en\/wp-json\/wp\/v2\/media?parent=7793"}],"curies":[{"name":"wp","href":"https:\/\/api.w.org\/{rel}","templated":true}]}}